{"id":16379,"date":"2017-06-03T07:02:03","date_gmt":"2017-06-03T07:02:03","guid":{"rendered":"http:\/\/molbo.es\/inicio\/"},"modified":"2017-06-03T07:02:03","modified_gmt":"2017-06-03T07:02:03","slug":"inicio","status":"publish","type":"page","link":"https:\/\/molbo.es\/en\/inicio\/","title":{"rendered":"Inicio"},"content":{"rendered":"<div class=\"wpb-content-wrapper\"><p>[vc_row css_animation=&#8221;&#8221; row_type=&#8221;row&#8221; use_row_as_full_screen_section=&#8221;yes&#8221; type=&#8221;full_width&#8221; angled_section=&#8221;no&#8221; text_align=&#8221;left&#8221; background_image=&#8221;15525&#8243; background_image_as_pattern=&#8221;without_pattern&#8221; css=&#8221;.vc_custom_1496431071012{padding-top: 0px !important;background-image: url(https:\/\/molbo.es\/wp-content\/uploads\/2014\/05\/Molbo_v_11.jpg?id=15582) !important;background-position: 0 0 !important;background-repeat: no-repeat !important;}&#8221; el_class=&#8221;ocultar&#8221;][vc_column width=&#8221;1\/2&#8243; css=&#8221;.vc_custom_1496077402242{background-position: 0 0 !important;background-repeat: no-repeat !important;}&#8221;][vc_row_inner row_type=&#8221;row&#8221; type=&#8221;full_width&#8221; text_align=&#8221;left&#8221; css_animation=&#8221;&#8221; css=&#8221;.vc_custom_1496076284278{padding-top: 0px !important;background-position: center !important;background-repeat: no-repeat !important;background-size: cover !important;}&#8221;][vc_column_inner width=&#8221;1\/2&#8243;][\/vc_column_inner][vc_column_inner width=&#8221;1\/2&#8243;][vc_single_image image=&#8221;15461&#8243; img_size=&#8221;full&#8221; alignment=&#8221;right&#8221; qode_css_animation=&#8221;&#8221;][\/vc_column_inner][\/vc_row_inner][vc_single_image image=&#8221;15483&#8243; img_size=&#8221;full&#8221; alignment=&#8221;right&#8221; qode_css_animation=&#8221;&#8221;][\/vc_column][vc_column width=&#8221;1\/2&#8243;][\/vc_column][\/vc_row][vc_row css_animation=&#8221;&#8221; row_type=&#8221;row&#8221; use_row_as_full_screen_section=&#8221;no&#8221; type=&#8221;grid&#8221; angled_section=&#8221;no&#8221; text_align=&#8221;left&#8221; background_image_as_pattern=&#8221;without_pattern&#8221; row_negative_margin=&#8221;disable_negative_margin&#8221;][vc_column width=&#8221;1\/2&#8243;][vc_single_image image=&#8221;15527&#8243; img_size=&#8221;full&#8221; alignment=&#8221;right&#8221; qode_css_animation=&#8221;&#8221; transition_delay=&#8221;2&#8243; css=&#8221;.vc_custom_1496076849985{margin-right: 0px !important;}&#8221;][\/vc_column][vc_column width=&#8221;1\/2&#8243; css=&#8221;.vc_custom_1496078427944{margin-left: -16px !important;background-color: #afca17 !important;}&#8221;][vc_column_text el_class=&#8221;divverde&#8221;]<\/p>\n<h3>DISFRUTA CON NOSOTROS<br \/>\nLA EXPERIENCIA MOLBO<\/h3>\n<h4><em>NOS PREOCUPAMOS POR TI<\/em><\/h4>\n<p><em>Cuidamos tus mercanc\u00edas y las mimamos hasta el final.<\/em><br \/>\n<em>Te ofrecemos 39 a\u00f1os de experiencia, confianza, transpariencia, agilidad, fiabilidad, eficacia, seguridad y comunicaci\u00f3n.\u00a0<\/em><em>En Molbo, sabemos que el valor de lo que movemos nace del trabajo y el esfuerzo de muchas personas. <strong>Moving goods<\/strong>, movimiento responsable de mercanc\u00edas.<\/em>[\/vc_column_text][\/vc_column][\/vc_row][vc_row css_animation=&#8221;&#8221; row_type=&#8221;row&#8221; use_row_as_full_screen_section=&#8221;no&#8221; type=&#8221;grid&#8221; angled_section=&#8221;no&#8221; text_align=&#8221;center&#8221; background_image_as_pattern=&#8221;without_pattern&#8221; padding_top=&#8221;84&#8243; padding_bottom=&#8221;30&#8243; el_id=&#8221;granderosa&#8221; css=&#8221;.vc_custom_1495643934601{margin-right: 25px !important;margin-bottom: 40px !important;margin-left: 25px !important;}&#8221;][vc_column width=&#8221;1\/3&#8243;][vc_row_inner row_type=&#8221;row&#8221; type=&#8221;full_width&#8221; text_align=&#8221;left&#8221; css_animation=&#8221;&#8221;][vc_column_inner][vc_column_text]<\/p>\n<h3>1 Tranquilidad<\/h3>\n<h4>CONFIANZA<\/h4>\n<p>Tus mercanc\u00edas llegar\u00e1n c\u00f3modamente a cualquier destino. Podr\u00e1s controlar en cada momento donde est\u00e1 el cami\u00f3n, y conocer los detalles del transporte de tu mercanc\u00eda. Cumplir con los plazos de entrega es nuestro principal objetivo.[\/vc_column_text][\/vc_column_inner][\/vc_row_inner][\/vc_column][vc_column width=&#8221;1\/3&#8243;][vc_row_inner row_type=&#8221;row&#8221; type=&#8221;full_width&#8221; text_align=&#8221;left&#8221; css_animation=&#8221;&#8221;][vc_column_inner][vc_column_text]<\/p>\n<h3>2 Seguridad<\/h3>\n<h4>CALIDAD<\/h4>\n<p>Siempre llegamos a la hora establecida.<br \/>\nSeguimos las normas de calidad ISO y los est\u00e1ndares europeos m\u00e1s importantes del sector del transporte y la log\u00edstica, sin perder de vista el respeto por el medio ambiente y el entorno laboral \/ las condiciones laborales[\/vc_column_text][\/vc_column_inner][\/vc_row_inner][\/vc_column][vc_column width=&#8221;1\/3&#8243;][vc_row_inner row_type=&#8221;row&#8221; type=&#8221;full_width&#8221; text_align=&#8221;left&#8221; css_animation=&#8221;&#8221;][vc_column_inner][vc_column_text]<\/p>\n<h3>3 Capacidad<\/h3>\n<h4>SERVICIO<\/h4>\n<p>Nuestro servicio de transporte nacional e internacional est\u00e1 en marcha todo el a\u00f1o. Respondemos a tus necesidades con regularidad y con una extensa flota de camiones, incluidos aquellos especializados en transporte refrigerado.[\/vc_column_text][\/vc_column_inner][\/vc_row_inner][\/vc_column][\/vc_row][vc_row css_animation=&#8221;&#8221; row_type=&#8221;row&#8221; use_row_as_full_screen_section=&#8221;no&#8221; type=&#8221;grid&#8221; angled_section=&#8221;no&#8221; text_align=&#8221;left&#8221; background_image=&#8221;15533&#8243; background_image_as_pattern=&#8221;without_pattern&#8221;][vc_column width=&#8221;1\/2&#8243;][vc_row_inner row_type=&#8221;row&#8221; type=&#8221;full_width&#8221; text_align=&#8221;left&#8221; css_animation=&#8221;&#8221;][vc_column_inner][vc_column_text el_class=&#8221;divmoradocuadrado_izq&#8221;]<\/p>\n<h2><em>EXPERTOS EN<\/em><\/h2>\n<h4><em>FRUTA Y<\/em><br \/>\n<em>VERDURA<\/em><\/h4>\n<p>[\/vc_column_text][\/vc_column_inner][\/vc_row_inner][\/vc_column][vc_column width=&#8221;1\/2&#8243;][vc_row_inner row_type=&#8221;row&#8221; type=&#8221;full_width&#8221; text_align=&#8221;left&#8221; row_negative_margin=&#8221;disable_negative_margin&#8221; side_padding=&#8221;0&#8243; css_animation=&#8221;&#8221;][vc_column_inner][\/vc_column_inner][\/vc_row_inner][\/vc_column][\/vc_row][vc_row css_animation=&#8221;&#8221; row_type=&#8221;row&#8221; use_row_as_full_screen_section=&#8221;no&#8221; type=&#8221;full_width&#8221; angled_section=&#8221;no&#8221; text_align=&#8221;left&#8221; background_image_as_pattern=&#8221;without_pattern&#8221; css=&#8221;.vc_custom_1496051280761{background-image: url(https:\/\/molbo.es\/wp-content\/uploads\/2014\/05\/9863921_xxl.jpg?id=15547) !important;}&#8221;][vc_column width=&#8221;1\/2&#8243;][\/vc_column][vc_column width=&#8221;1\/2&#8243; css=&#8221;.vc_custom_1496165800130{margin-left: 0px !important;}&#8221;][vc_column_text el_class=&#8221;divmoradocuadrado_der&#8221;]<\/p>\n<h3>ESPECIALISTAS EN GRUPAJE DIARIO<\/h3>\n<h4>CON TODAS LAS GARANT\u00cdAS<\/h4>\n<p>Somos expertos en el transporte de productos hortofrut\u00edcolas bajo temperatura controlada. Nuestro grupaje diario (nacional e internacional) asegura que lleguen a su destino siempre en buen estado.[\/vc_column_text][\/vc_column][\/vc_row][vc_row css_animation=&#8221;&#8221; row_type=&#8221;row&#8221; use_row_as_full_screen_section=&#8221;no&#8221; type=&#8221;full_width&#8221; angled_section=&#8221;no&#8221; text_align=&#8221;left&#8221; background_image_as_pattern=&#8221;without_pattern&#8221;][vc_column width=&#8221;1\/2&#8243;][vc_row_inner row_type=&#8221;row&#8221; type=&#8221;full_width&#8221; text_align=&#8221;left&#8221; css_animation=&#8221;&#8221;][vc_column_inner width=&#8221;1\/2&#8243;][vc_single_image image=&#8221;15553&#8243; img_size=&#8221;full&#8221; qode_css_animation=&#8221;&#8221;][\/vc_column_inner][vc_column_inner el_class=&#8221;divblanco&#8221; width=&#8221;1\/2&#8243; css=&#8221;.vc_custom_1496055877656{border-bottom-width: 20px !important;padding-top: 20px !important;}&#8221;][vc_column_text css=&#8221;.vc_custom_1496074969702{padding-top: 40px !important;padding-bottom: 40px !important;}&#8221; el_class=&#8221;h3_30&#8243;]<\/p>\n<h3><span style=\"color: #99cc00;\"><em>SIEMPRE EN<\/em><\/span><br \/>\n<span style=\"color: #99cc00;\"><em>MARCHA HACIA<\/em><\/span><br \/>\n<span style=\"color: #99cc00;\"><em>NUEVOS DESTINOS<\/em><\/span><\/h3>\n<p>[\/vc_column_text][\/vc_column_inner][\/vc_row_inner][vc_row_inner row_type=&#8221;row&#8221; type=&#8221;full_width&#8221; text_align=&#8221;left&#8221; css_animation=&#8221;&#8221;][vc_column_inner width=&#8221;1\/2&#8243;][\/vc_column_inner][vc_column_inner width=&#8221;1\/2&#8243;][vc_column_text el_class=&#8221;divblanco&#8221; css=&#8221;.vc_custom_1496056111068{padding-top: 40px !important;padding-bottom: 40px !important;}&#8221;]<\/p>\n<h3><span style=\"color: #e50752;\"><strong><em>MOVIMIENTO<\/em><\/strong><\/span><br \/>\n<span style=\"color: #000000;\"><em>RESPONSABLE<\/em><\/span><br \/>\n<span style=\"color: #000000;\"><em>DE MERCANC\u00cdAS<\/em><\/span><\/h3>\n<p>[\/vc_column_text][\/vc_column_inner][\/vc_row_inner][\/vc_column][vc_column width=&#8221;1\/2&#8243;][vc_row_inner row_type=&#8221;row&#8221; type=&#8221;full_width&#8221; text_align=&#8221;left&#8221; css_animation=&#8221;&#8221; css=&#8221;.vc_custom_1496165918526{padding-left: 0px !important;}&#8221;][vc_column_inner el_class=&#8221;250altura&#8221;][vc_single_image image=&#8221;15551&#8243; img_size=&#8221;1069&#215;250&#8243; qode_css_animation=&#8221;&#8221;][\/vc_column_inner][\/vc_row_inner][vc_row_inner row_type=&#8221;row&#8221; type=&#8221;full_width&#8221; text_align=&#8221;left&#8221; css_animation=&#8221;&#8221;][vc_column_inner el_class=&#8221;ocultar&#8221; width=&#8221;1\/4&#8243;][vc_single_image image=&#8221;15554&#8243; qode_css_animation=&#8221;&#8221;][\/vc_column_inner][vc_column_inner el_class=&#8221;divblanco&#8221; width=&#8221;3\/4&#8243;][vc_column_text css=&#8221;.vc_custom_1496056127269{padding-top: 40px !important;}&#8221;]<\/p>\n<h3><strong><em><span style=\"color: #e50752;\">APP<\/span>\u00a0<\/em><\/strong><span style=\"color: #000000;\"><em>CMR<\/em><\/span><\/h3>\n<p>[\/vc_column_text]<a  itemprop=\"url\" href=\"\" target=\"_self\"  class=\"qbutton  default\" style=\"\">IR<\/a>[\/vc_column_inner][\/vc_row_inner][\/vc_column][\/vc_row][vc_row css_animation=&#8221;&#8221; row_type=&#8221;row&#8221; use_row_as_full_screen_section=&#8221;no&#8221; type=&#8221;full_width&#8221; angled_section=&#8221;no&#8221; text_align=&#8221;left&#8221; background_image_as_pattern=&#8221;without_pattern&#8221;][vc_column width=&#8221;1\/2&#8243;][vc_row_inner row_type=&#8221;row&#8221; type=&#8221;full_width&#8221; text_align=&#8221;left&#8221; css_animation=&#8221;&#8221;][vc_column_inner width=&#8221;1\/2&#8243;][\/vc_column_inner][vc_column_inner width=&#8221;1\/2&#8243;][\/vc_column_inner][\/vc_row_inner][vc_row_inner row_type=&#8221;row&#8221; type=&#8221;full_width&#8221; text_align=&#8221;left&#8221; css_animation=&#8221;&#8221; css=&#8221;.vc_custom_1496055745298{padding-right: 20px !important;}&#8221;][vc_column_inner width=&#8221;1\/2&#8243;][\/vc_column_inner][vc_column_inner width=&#8221;1\/2&#8243; css=&#8221;.vc_custom_1496055230477{margin-top: 40px !important;}&#8221;][vc_column_text el_class=&#8221;divblanco&#8221;]<span style=\"color: #e50752;\"><em>Grupaje diario.<\/em><\/span><br \/>\n<span style=\"color: #e50752;\"><em>Transporte nacional.<\/em><\/span><br \/>\n<span style=\"color: #e50752;\"><em>Transporte Internacional (Francia, Inglaterra Irlanda,<\/em><\/span><br \/>\n<span style=\"color: #e50752;\"><em>Escandinavia, Alemania, B\u00e9lgica, Holanda, Italia\u2026).<\/em><\/span><br \/>\n<span style=\"color: #e50752;\"><em>Cargas completas.<\/em><\/span><br \/>\n<span style=\"color: #e50752;\"><em>Productos perecederos. Productos hortofrut\u00edcolas bajo\u00a0<\/em><\/span><span style=\"color: #e50752;\"><em>temperatura controlada.<\/em><\/span><br \/>\n<span style=\"color: #e50752;\"><em>Productos industriales. Semirremolque frigo o lona.<\/em><\/span><br \/>\n<span style=\"color: #e50752;\"><em>Importaci\u00f3n de cargas completas o grupaje.<\/em><\/span><br \/>\n<span style=\"color: #e50752;\"><em>Servicio de devoluciones.<\/em><\/span><br \/>\n<span style=\"color: #e50752;\"><em>Almacenaje en seco.<\/em><\/span><br \/>\n<span style=\"color: #e50752;\"><em>Carga y descarga.<\/em><\/span><br \/>\n<span style=\"color: #e50752;\"><em>Transbordo.<\/em><\/span>[\/vc_column_text][\/vc_column_inner][\/vc_row_inner][\/vc_column][vc_column width=&#8221;1\/2&#8243;][vc_row_inner row_type=&#8221;row&#8221; type=&#8221;full_width&#8221; text_align=&#8221;left&#8221; css_animation=&#8221;&#8221;][vc_column_inner el_class=&#8221;250altura&#8221;][\/vc_column_inner][\/vc_row_inner][vc_row_inner row_type=&#8221;row&#8221; type=&#8221;full_width&#8221; text_align=&#8221;left&#8221; css_animation=&#8221;&#8221;][vc_column_inner el_class=&#8221;ocultar&#8221; width=&#8221;1\/4&#8243;][vc_single_image image=&#8221;15556&#8243; img_size=&#8221;full&#8221; qode_css_animation=&#8221;&#8221;][\/vc_column_inner][vc_column_inner width=&#8221;3\/4&#8243;][vc_column_text el_class=&#8221;divblanco&#8221; css=&#8221;.vc_custom_1496056138204{padding-top: 40px !important;}&#8221;]<\/p>\n<h3><span style=\"color: #e50752;\"><strong><em>CONTACTO<\/em><\/strong><\/span><\/h3>\n<p>[\/vc_column_text]<a  itemprop=\"url\" href=\"https:\/\/molbo.es\/contacto\/\" target=\"_self\"  class=\"qbutton  default\" style=\"\">IR<\/a>[\/vc_column_inner][\/vc_row_inner][\/vc_column][\/vc_row][vc_row css_animation=&#8221;&#8221; row_type=&#8221;row&#8221; use_row_as_full_screen_section=&#8221;no&#8221; type=&#8221;grid&#8221; angled_section=&#8221;no&#8221; text_align=&#8221;left&#8221; background_image_as_pattern=&#8221;without_pattern&#8221; css=&#8221;.vc_custom_1496254627231{background-color: #e50752 !important;}&#8221;][vc_column width=&#8221;1\/2&#8243;][vc_row_inner row_type=&#8221;row&#8221; type=&#8221;full_width&#8221; text_align=&#8221;left&#8221; row_negative_margin=&#8221;disable_negative_margin&#8221; css_animation=&#8221;&#8221; el_class=&#8221;divrojo&#8221;][vc_column_inner][vc_column_text css=&#8221;.vc_custom_1503484653206{margin-top: 40px !important;}&#8221;]<\/p>\n<h4><strong>+34 961 64 31 40<br \/>\n<\/strong><em>+34 902 02 03 14<\/em><br \/>\n<em>+34 96 164 31 01 (fax tr\u00e1fico)<\/em><br \/>\n<em>+34 96 164 31 02 (fax aministraci\u00f3n)<\/em><\/h4>\n<p><em>Pol. Ind. El Oliveral, calle K, parcela 5<\/em><br \/>\n<em>46190 RIBARROJA DEL T\u00daRIA, Valencia, Spain.<br \/>\n<\/em><em><a href=\"mailto:molbo@molbo.es\">molbo@molbo.es<\/a><\/em>[\/vc_column_text][\/vc_column_inner][\/vc_row_inner][\/vc_column][vc_column width=&#8221;1\/2&#8243;][vc_single_image image=&#8221;15560&#8243; img_size=&#8221;full&#8221; onclick=&#8221;custom_link&#8221; img_link_target=&#8221;_blank&#8221; qode_css_animation=&#8221;&#8221; link=&#8221;https:\/\/goo.gl\/maps\/r6rLb1ze7R12&#8243;][\/vc_column][\/vc_row]<\/p>\n<\/div>","protected":false},"excerpt":{"rendered":"<p>[vc_row css_animation=&#8221;&#8221; row_type=&#8221;row&#8221; use_row_as_full_screen_section=&#8221;yes&#8221; type=&#8221;full_width&#8221; angled_section=&#8221;no&#8221; text_align=&#8221;left&#8221; background_image=&#8221;15525&#8243; background_image_as_pattern=&#8221;without_pattern&#8221; css=&#8221;.vc_custom_1496431071012{padding-top: 0px !important;background-image: url(https:\/\/molbo.es\/wp-content\/uploads\/2014\/05\/Molbo_v_11.jpg?id=15582) !important;background-position: 0 0 !important;background-repeat: no-repeat !important;}&#8221; el_class=&#8221;ocultar&#8221;][vc_column&#8230;<\/p>\n","protected":false},"author":1,"featured_media":0,"parent":0,"menu_order":0,"comment_status":"closed","ping_status":"closed","template":"full_width.php","meta":{"footnotes":""},"class_list":["post-16379","page","type-page","status-publish","hentry"],"_links":{"self":[{"href":"https:\/\/molbo.es\/en\/wp-json\/wp\/v2\/pages\/16379","targetHints":{"allow":["GET"]}}],"collection":[{"href":"https:\/\/molbo.es\/en\/wp-json\/wp\/v2\/pages"}],"about":[{"href":"https:\/\/molbo.es\/en\/wp-json\/wp\/v2\/types\/page"}],"author":[{"embeddable":true,"href":"https:\/\/molbo.es\/en\/wp-json\/wp\/v2\/users\/1"}],"replies":[{"embeddable":true,"href":"https:\/\/molbo.es\/en\/wp-json\/wp\/v2\/comments?post=16379"}],"version-history":[{"count":0,"href":"https:\/\/molbo.es\/en\/wp-json\/wp\/v2\/pages\/16379\/revisions"}],"wp:attachment":[{"href":"https:\/\/molbo.es\/en\/wp-json\/wp\/v2\/media?parent=16379"}],"curies":[{"name":"wp","href":"https:\/\/api.w.org\/{rel}","templated":true}]}}