{"id":15997,"date":"2017-05-31T16:38:19","date_gmt":"2017-05-31T16:38:19","guid":{"rendered":"http:\/\/molbo.es\/servicios\/"},"modified":"2022-06-09T08:33:59","modified_gmt":"2022-06-09T06:33:59","slug":"services-fr","status":"publish","type":"page","link":"https:\/\/molbo.es\/fr\/services-fr\/","title":{"rendered":"Services"},"content":{"rendered":"<div class=\"wpb-content-wrapper\"><p>[vc_row css_animation=\u00a0\u00bb\u00a0\u00bb row_type=\u00a0\u00bbrow\u00a0\u00bb use_row_as_full_screen_section=\u00a0\u00bbno\u00a0\u00bb type=\u00a0\u00bbgrid\u00a0\u00bb angled_section=\u00a0\u00bbno\u00a0\u00bb text_align=\u00a0\u00bbleft\u00a0\u00bb background_image_as_pattern=\u00a0\u00bbwithout_pattern\u00a0\u00bb css=\u00a0\u00bb.vc_custom_1497367784457{margin-bottom: 20px !important;}\u00a0\u00bb el_class=\u00a0\u00bbmargenizquierdo\u00a0\u00bb][vc_column][vc_empty_space][vc_column_text css=\u00a0\u00bb.vc_custom_1497375419589{margin-bottom: 20px !important;}\u00a0\u00bb]<\/p>\n<h2><span style=\"color: #e50752;\"><em>SERVICES<\/em><\/span><\/h2>\n<h4><span style=\"color: #1e317d; font-size: 1.6em !important; padding-top: 0px !important; float: left; font-weight: lighter;\"><em>POUR VOS NECESSIT\u00c9ES<\/em><\/span><\/h4>\n<p>[\/vc_column_text][\/vc_column][\/vc_row][vc_row css_animation=\u00a0\u00bb\u00a0\u00bb row_type=\u00a0\u00bbrow\u00a0\u00bb use_row_as_full_screen_section=\u00a0\u00bbyes\u00a0\u00bb type=\u00a0\u00bbfull_width\u00a0\u00bb angled_section=\u00a0\u00bbno\u00a0\u00bb text_align=\u00a0\u00bbleft\u00a0\u00bb background_image_as_pattern=\u00a0\u00bbwithout_pattern\u00a0\u00bb css=\u00a0\u00bb.vc_custom_1497375447616{margin-top: 20px !important;}\u00a0\u00bb][vc_column css_animation=\u00a0\u00bbslideInLeft\u00a0\u00bb width=\u00a0\u00bb1\/3&Prime; css=\u00a0\u00bb.vc_custom_1497371791238{margin-right: 0px !important;padding-right: 0px !important;padding-left: 0px !important;}\u00a0\u00bb][vc_column_text el_class=\u00a0\u00bbdivmoradoazulimagen\u00a0\u00bb css=\u00a0\u00bb.vc_custom_1649260761942{background-image: url(https:\/\/molbo.es\/wp-content\/uploads\/2017\/05\/Molbo_Servicios_Alfa-1.jpg?id=15652) !important;}\u00a0\u00bb]<\/p>\n<h2><em>GROUPAGE <\/em><br \/>\n<em> INTERNATIONAL<\/em><\/h2>\n<h3><em>CHARGEMENTS COMPLETS<\/em><\/h3>\n<p><a href=\"https:\/\/molbo.es\/fr\/groupage\/\"><img loading=\"lazy\" decoding=\"async\" class=\"alignnone wp-image-17164 size-full\" src=\"https:\/\/molbo.es\/wp-content\/uploads\/2022\/04\/Recurso-16@0.75x.png\" alt=\"\" width=\"67\" height=\"67\"><\/a>[\/vc_column_text][vc_column_text el_class=\u00a0\u00bbdivmoradoazulimagen\u00a0\u00bb css=\u00a0\u00bb.vc_custom_1649260698891{background-image: url(https:\/\/molbo.es\/wp-content\/uploads\/2017\/05\/Molbo_Servicios_Alfa-6.jpg?id=15651) !important;}\u00a0\u00bb]<\/p>\n<h2><em>PRODUCTOS P\u00c9RISSABLE<br \/>\n<\/em><\/h2>\n<h3><em>BAJA TEMP\u00c9RATURE CONTROLADA<\/p>\n<p><\/em><\/h3>\n<p><a href=\"https:\/\/molbo.es\/fr\/transport-de-produits-perissables\/\"><img loading=\"lazy\" decoding=\"async\" class=\"alignnone wp-image-17164 size-full\" src=\"https:\/\/molbo.es\/wp-content\/uploads\/2022\/04\/Recurso-16@0.75x.png\" alt=\"\" width=\"67\" height=\"67\"><\/a>[\/vc_column_text][vc_column_text el_class=\u00a0\u00bbdivmoradoazulimagen\u00a0\u00bb css=\u00a0\u00bb.vc_custom_1649260715535{background-image: url(https:\/\/molbo.es\/wp-content\/uploads\/2022\/04\/Recurso-19-100.jpg?id=17177) !important;}\u00a0\u00bb]<\/p>\n<h2><em>EXPERT DANS LE TRANSPORT DE FRUITS ET L\u00c9GUMES<\/p>\n<p><\/em><\/h2>\n<h3><em>GROUPAGE JOURNALIER INTERNATIONAL<br \/>\n<\/em><\/h3>\n<p><a href=\"https:\/\/molbo.es\/fr\/transport-de-fruits-et-legumes\/\"><img loading=\"lazy\" decoding=\"async\" class=\"alignnone wp-image-17164 size-full\" src=\"https:\/\/molbo.es\/wp-content\/uploads\/2022\/04\/Recurso-16@0.75x.png\" alt=\"\" width=\"67\" height=\"67\"><\/a>[\/vc_column_text][\/vc_column][vc_column css_animation=\u00a0\u00bbbounceInLeft\u00a0\u00bb width=\u00a0\u00bb1\/3&Prime; css=\u00a0\u00bb.vc_custom_1497371742621{margin-right: 0px !important;margin-left: 0px !important;padding-right: 0px !important;padding-left: 0px !important;}\u00a0\u00bb][vc_column_text el_class=\u00a0\u00bbdivmoradoazulimagen\u00a0\u00bb css=\u00a0\u00bb.vc_custom_1649260750037{background-image: url(https:\/\/molbo.es\/wp-content\/uploads\/2017\/05\/Molbo_Servicios_Alfa-4.jpg?id=15649) !important;}\u00a0\u00bb]<\/p>\n<h2><em>INTERNATIONAL<\/em><\/h2>\n<h3><em>FRANCE<\/em><br \/>\n<em>BELGIQUE<br \/>\nHOLLANDE<br \/>\nANGLETERRE<\/em><br \/>\n<em>ITALIE<\/em><\/h3>\n<p><a href=\"https:\/\/molbo.es\/fr\/groupage-international\/\"><img loading=\"lazy\" decoding=\"async\" class=\"alignnone wp-image-17164 size-full\" src=\"https:\/\/molbo.es\/wp-content\/uploads\/2022\/04\/Recurso-16@0.75x.png\" alt=\"\" width=\"67\" height=\"67\"><\/a>[\/vc_column_text][vc_column_text el_class=\u00a0\u00bbdivmoradoazulimagen\u00a0\u00bb css=\u00a0\u00bb.vc_custom_1649260818719{background-image: url(https:\/\/molbo.es\/wp-content\/uploads\/2022\/04\/Recurso-18-100.jpg?id=17168) !important;}\u00a0\u00bb]<\/p>\n<h2><em>TRANSPORTE DE P\u00c9RISSABLE INDUSTRIALES<\/p>\n<p><\/em><\/h2>\n<h3><i>PRODUITS P\u00c9RISSABLES SOUS TEMP\u00c9RATURE CONTR\u00d4L\u00c9E<\/p>\n<p><\/i><\/h3>\n<p><a href=\"https:\/\/molbo.es\/fr\/transporter-des-produits-industriels-perissables\/\"><img loading=\"lazy\" decoding=\"async\" class=\"alignnone wp-image-17164 size-full\" src=\"https:\/\/molbo.es\/wp-content\/uploads\/2022\/04\/Recurso-16@0.75x.png\" alt=\"\" width=\"67\" height=\"67\"><\/a>[\/vc_column_text][vc_column_text el_class=\u00a0\u00bbdivmoradoazulimagen\u00a0\u00bb css=\u00a0\u00bb.vc_custom_1649260851892{background-image: url(https:\/\/molbo.es\/wp-content\/uploads\/2022\/04\/Recurso-20-100.jpg?id=17174) !important;}\u00a0\u00bb]<\/p>\n<h2><i>IMPORT<\/i><\/h2>\n<h3><i>CHARGEMENTS COMPLETS<\/i><\/h3>\n<p><a href=\"https:\/\/molbo.es\/fr\/importation-charges-completes\/\"><img loading=\"lazy\" decoding=\"async\" class=\"alignnone wp-image-17164 size-full\" src=\"https:\/\/molbo.es\/wp-content\/uploads\/2022\/04\/Recurso-16@0.75x.png\" alt=\"\" width=\"67\" height=\"67\"><\/a>[\/vc_column_text][\/vc_column][vc_column css_animation=\u00a0\u00bbslideInRight\u00a0\u00bb width=\u00a0\u00bb1\/3&Prime; css=\u00a0\u00bb.vc_custom_1497371663173{margin-right: 0px !important;margin-left: 0px !important;padding-right: 0px !important;padding-left: 0px !important;}\u00a0\u00bb][vc_column_text el_class=\u00a0\u00bbdivmoradoazulimagen\u00a0\u00bb css=\u00a0\u00bb.vc_custom_1649260779699{background-image: url(https:\/\/molbo.es\/wp-content\/uploads\/2022\/04\/Recurso-17-100.jpg?id=17165) !important;}\u00a0\u00bb]<\/p>\n<h2><em>CHARGEMENT, D\u00c9CHARGEMENT ET TRANSBORDEMENT<\/p>\n<p><\/em><\/h2>\n<h3><em>MOVING GOODS. MOVEMENT RESPONSABLE DE MARCHANDISES<\/p>\n<p><\/em><\/h3>\n<p><a href=\"https:\/\/molbo.es\/fr\/chargement-dechargement-et-transbordement\/\"><img loading=\"lazy\" decoding=\"async\" class=\"alignnone wp-image-17164 size-full\" src=\"https:\/\/molbo.es\/wp-content\/uploads\/2022\/04\/Recurso-16@0.75x.png\" alt=\"\" width=\"67\" height=\"67\"><\/a>[\/vc_column_text][vc_column_text el_class=\u00a0\u00bbdivmoradoazulimagen\u00a0\u00bb css=\u00a0\u00bb.vc_custom_1649260830554{background-image: url(https:\/\/molbo.es\/wp-content\/uploads\/2017\/05\/Molbo_Servicios_Alfa-3.jpg?id=15648) !important;}\u00a0\u00bb]<\/p>\n<h2><i>CENTRE DE STOCKAGE ET DE DISTRIBUTION<\/p>\n<p><\/i><\/h2>\n<h3><i>SOLUTION INT\u00c9GRALE POUR LE TRANSPORT DE VOS MARCHANDISES<\/p>\n<p><\/i><\/h3>\n<p><a href=\"https:\/\/molbo.es\/fr\/centre-de-stockage\/\"><img loading=\"lazy\" decoding=\"async\" class=\"alignnone wp-image-17164 size-full\" src=\"https:\/\/molbo.es\/wp-content\/uploads\/2022\/04\/Recurso-16@0.75x.png\" alt=\"\" width=\"67\" height=\"67\"><\/a>[\/vc_column_text][vc_column_text el_class=\u00a0\u00bbdivmoradoazulimagen\u00a0\u00bb css=\u00a0\u00bb.vc_custom_1649260862601{background-image: url(https:\/\/molbo.es\/wp-content\/uploads\/2022\/04\/Recurso-21-100.jpg?id=17171) !important;}\u00a0\u00bb]<\/p>\n<h2><i>TRANSPORT PERSONNALIS\u00c9<br \/>\n<\/i><\/h2>\n<h3><i>AVEC LES MEILLEURES CONDITIONS<br \/>\n<\/i><\/h3>\n<p><a href=\"https:\/\/molbo.es\/fr\/transport-personalise\/\"><img loading=\"lazy\" decoding=\"async\" class=\"alignnone wp-image-17164 size-full\" src=\"https:\/\/molbo.es\/wp-content\/uploads\/2022\/04\/Recurso-16@0.75x.png\" alt=\"\" width=\"67\" height=\"67\"><\/a>[\/vc_column_text][\/vc_column][\/vc_row][vc_row css_animation=\u00a0\u00bb\u00a0\u00bb row_type=\u00a0\u00bbrow\u00a0\u00bb use_row_as_full_screen_section=\u00a0\u00bbno\u00a0\u00bb type=\u00a0\u00bbgrid\u00a0\u00bb angled_section=\u00a0\u00bbno\u00a0\u00bb text_align=\u00a0\u00bbleft\u00a0\u00bb background_image_as_pattern=\u00a0\u00bbwithout_pattern\u00a0\u00bb css=\u00a0\u00bb.vc_custom_1497367803935{margin-bottom: 20px !important;}\u00a0\u00bb el_class=\u00a0\u00bbmargenizquierdo\u00a0\u00bb][vc_column][vc_empty_space height=\u00a0\u00bb60px\u00a0\u00bb][vc_column_text]<\/p>\n<h2><span style=\"color: #e50752; font-size: 1.2em;\"><em>TRANSPORT PERSONALIS\u00c9<\/em><\/span><\/h2>\n<h4><span style=\"color: #1e317d; font-size: 1.6em !important; padding-top: 20px !important; float: left; margin-bottom: 40px; font-weight: lighter;\"><em>AVEC LES MEILLEURES CONDITIONS<\/em><\/span><\/h4>\n<p>[\/vc_column_text][vc_empty_space][vc_row_inner row_type=\u00a0\u00bbrow\u00a0\u00bb type=\u00a0\u00bbfull_width\u00a0\u00bb text_align=\u00a0\u00bbleft\u00a0\u00bb css_animation=\u00a0\u00bb\u00a0\u00bb][vc_column_inner width=\u00a0\u00bb1\/2&Prime;][vc_column_text]Avec nos collaborateurs et nos transporteurs, nous pouvons nous charger du type de service qui convient le mieux \u00e0 votre marchandise et \u00e0 votre voyage. Notre d\u00e9sir d&rsquo;am\u00e9lioration nous a conduit \u00e0 miser sur la mise en \u0153uvre continue de nouvelles technologies et ressources, en nous adaptant \u00e0 tous les types de march\u00e9s et de clients. Un transport personnalis\u00e9 dans les meilleures conditions.[\/vc_column_text][\/vc_column_inner][vc_column_inner width=\u00a0\u00bb1\/2&Prime;][\/vc_column_inner][\/vc_row_inner][vc_empty_space height=\u00a0\u00bb60px\u00a0\u00bb][\/vc_column][\/vc_row]<\/p>\n<\/div>","protected":false},"excerpt":{"rendered":"<p>[vc_row css_animation=\u00a0\u00bb\u00a0\u00bb row_type=\u00a0\u00bbrow\u00a0\u00bb use_row_as_full_screen_section=\u00a0\u00bbno\u00a0\u00bb type=\u00a0\u00bbgrid\u00a0\u00bb angled_section=\u00a0\u00bbno\u00a0\u00bb text_align=\u00a0\u00bbleft\u00a0\u00bb background_image_as_pattern=\u00a0\u00bbwithout_pattern\u00a0\u00bb css=\u00a0\u00bb.vc_custom_1497367784457{margin-bottom: 20px !important;}\u00a0\u00bb el_class=\u00a0\u00bbmargenizquierdo\u00a0\u00bb][vc_column][vc_empty_space][vc_column_text css=\u00a0\u00bb.vc_custom_1497375419589{margin-bottom: 20px !important;}\u00a0\u00bb] SERVICES POUR VOS NECESSIT\u00c9ES [\/vc_column_text][\/vc_column][\/vc_row][vc_row&#8230;<\/p>\n","protected":false},"author":1,"featured_media":0,"parent":0,"menu_order":0,"comment_status":"closed","ping_status":"closed","template":"full_width.php","meta":{"footnotes":""},"class_list":["post-15997","page","type-page","status-publish","hentry"],"_links":{"self":[{"href":"https:\/\/molbo.es\/fr\/wp-json\/wp\/v2\/pages\/15997","targetHints":{"allow":["GET"]}}],"collection":[{"href":"https:\/\/molbo.es\/fr\/wp-json\/wp\/v2\/pages"}],"about":[{"href":"https:\/\/molbo.es\/fr\/wp-json\/wp\/v2\/types\/page"}],"author":[{"embeddable":true,"href":"https:\/\/molbo.es\/fr\/wp-json\/wp\/v2\/users\/1"}],"replies":[{"embeddable":true,"href":"https:\/\/molbo.es\/fr\/wp-json\/wp\/v2\/comments?post=15997"}],"version-history":[{"count":6,"href":"https:\/\/molbo.es\/fr\/wp-json\/wp\/v2\/pages\/15997\/revisions"}],"predecessor-version":[{"id":17856,"href":"https:\/\/molbo.es\/fr\/wp-json\/wp\/v2\/pages\/15997\/revisions\/17856"}],"wp:attachment":[{"href":"https:\/\/molbo.es\/fr\/wp-json\/wp\/v2\/media?parent=15997"}],"curies":[{"name":"wp","href":"https:\/\/api.w.org\/{rel}","templated":true}]}}