{"id":15999,"date":"2017-05-29T17:44:59","date_gmt":"2017-05-29T17:44:59","guid":{"rendered":"http:\/\/molbo.es\/nosotros\/"},"modified":"2022-06-09T08:25:05","modified_gmt":"2022-06-09T06:25:05","slug":"sur-nous","status":"publish","type":"page","link":"https:\/\/molbo.es\/fr\/sur-nous\/","title":{"rendered":"SUR NOUS"},"content":{"rendered":"<div class=\"wpb-content-wrapper\"><p>[vc_row css_animation=\u00a0\u00bb\u00a0\u00bb row_type=\u00a0\u00bbrow\u00a0\u00bb use_row_as_full_screen_section=\u00a0\u00bbno\u00a0\u00bb type=\u00a0\u00bbgrid\u00a0\u00bb angled_section=\u00a0\u00bbno\u00a0\u00bb text_align=\u00a0\u00bbleft\u00a0\u00bb background_image_as_pattern=\u00a0\u00bbwithout_pattern\u00a0\u00bb css=\u00a0\u00bb.vc_custom_1497367565142{margin-bottom: 20px !important;}\u00a0\u00bb el_class=\u00a0\u00bbmargenizquierdo\u00a0\u00bb][vc_column][vc_empty_space][vc_column_text]<\/p>\n<h2><span style=\"color: #e50752;\"><em>SUR NOUS<\/em><\/span><\/h2>\n<h4><span style=\"color: #1e317d; font-size: 1.6em !important; padding-top: 0px !important; float: left; font-weight: lighter;\"><em>VOTRE EQUIPE DE TRANSPORT<\/em><\/span><\/h4>\n<p>[\/vc_column_text][\/vc_column][\/vc_row][vc_row css_animation=\u00a0\u00bb\u00a0\u00bb row_type=\u00a0\u00bbrow\u00a0\u00bb use_row_as_full_screen_section=\u00a0\u00bbno\u00a0\u00bb type=\u00a0\u00bbgrid\u00a0\u00bb angled_section=\u00a0\u00bbno\u00a0\u00bb text_align=\u00a0\u00bbleft\u00a0\u00bb background_image_as_pattern=\u00a0\u00bbwithout_pattern\u00a0\u00bb row_negative_margin=\u00a0\u00bbdisable_negative_margin\u00a0\u00bb css=\u00a0\u00bb.vc_custom_1496157361892{margin-bottom: 40px !important;}\u00a0\u00bb][vc_column width=\u00a0\u00bb1\/2&Prime;][vc_row_inner row_type=\u00a0\u00bbrow\u00a0\u00bb type=\u00a0\u00bbfull_width\u00a0\u00bb text_align=\u00a0\u00bbleft\u00a0\u00bb css_animation=\u00a0\u00bb\u00a0\u00bb][vc_column_inner][vc_single_image image=\u00a0\u00bb17141&Prime; img_size=\u00a0\u00bbfull\u00a0\u00bb alignment=\u00a0\u00bbcenter\u00a0\u00bb qode_css_animation=\u00a0\u00bb\u00a0\u00bb transition_delay=\u00a0\u00bb2&Prime; css=\u00a0\u00bb.vc_custom_1649236615204{margin-right: 0px !important;}\u00a0\u00bb][\/vc_column_inner][\/vc_row_inner][\/vc_column][vc_column width=\u00a0\u00bb1\/2&Prime;][vc_column_text]Molbo est une entreprise familiale au travail depuis 1978. 39 ans de transports responsables pour nos clients satisfaits et fid\u00e8les.<\/p>\n<p>L\u2019efficacit\u00e9, la fiabilit\u00e9, la confian\u00e7e de nos clients, et notre engagement sont nos moteurs.<\/p>\n<p>Notre flotte est distribu\u00e9e sur tout le territoire espagnol, et principalment aux communaut\u00e9es de Valencia, Catalu\u00f1a, Andalucia et Madrid. En plus, vous avez \u00e0 votre disposition une zone de stockage de 2000m\u00b2.[\/vc_column_text][\/vc_column][\/vc_row][vc_row css_animation=\u00a0\u00bbelement_from_right\u00a0\u00bb row_type=\u00a0\u00bbrow\u00a0\u00bb use_row_as_full_screen_section=\u00a0\u00bbno\u00a0\u00bb type=\u00a0\u00bbfull_width\u00a0\u00bb angled_section=\u00a0\u00bbno\u00a0\u00bb text_align=\u00a0\u00bbleft\u00a0\u00bb background_image_as_pattern=\u00a0\u00bbwithout_pattern\u00a0\u00bb css=\u00a0\u00bb.vc_custom_1649237201253{background-image: url(https:\/\/molbo.es\/wp-content\/uploads\/2022\/04\/Recurso-12-100.jpg?id=17143) !important;}\u00a0\u00bb z_index=\u00a0\u00bb\u00a0\u00bb][vc_column width=\u00a0\u00bb1\/2&Prime;][\/vc_column][vc_column width=\u00a0\u00bb1\/2&Prime;][vc_column_text el_class=\u00a0\u00bbdivmoradocuadrado_der\u00a0\u00bb]<\/p>\n<h3>INNOVATION<\/h3>\n<h4>POUR VOUS OFFRIR UN TRANSPORT \u00c0 MESURE<\/h4>\n<p>Nous grandissons avec les technologies, et mettons \u00e0 votre disposition une nouvelle application mobile pour suivre en temps r\u00e9el vos merchandise grace au GPS.[\/vc_column_text][\/vc_column][\/vc_row][vc_row css_animation=\u00a0\u00bbelement_from_left\u00a0\u00bb row_type=\u00a0\u00bbrow\u00a0\u00bb use_row_as_full_screen_section=\u00a0\u00bbno\u00a0\u00bb type=\u00a0\u00bbgrid\u00a0\u00bb angled_section=\u00a0\u00bbno\u00a0\u00bb text_align=\u00a0\u00bbleft\u00a0\u00bb background_image_as_pattern=\u00a0\u00bbwithout_pattern\u00a0\u00bb z_index=\u00a0\u00bb\u00a0\u00bb css=\u00a0\u00bb.vc_custom_1649237457899{background-image: url(https:\/\/molbo.es\/wp-content\/uploads\/2022\/04\/Recurso-11-100.jpg?id=17146) !important;}\u00a0\u00bb][vc_column width=\u00a0\u00bb1\/2&Prime;][vc_row_inner row_type=\u00a0\u00bbrow\u00a0\u00bb type=\u00a0\u00bbfull_width\u00a0\u00bb text_align=\u00a0\u00bbleft\u00a0\u00bb css_animation=\u00a0\u00bb\u00a0\u00bb][vc_column_inner][vc_column_text css=\u00a0\u00bb.vc_custom_1649238669365{border-right-width: 0px !important;}\u00a0\u00bb el_class=\u00a0\u00bbdivmoradocuadrado_izq_nosotros\u00a0\u00bb]<\/p>\n<h2><em>TRANSPORT<\/em><\/h2>\n<h4><em>RAPIDE<br \/>\nFIABLE<br \/>\nEN TOUTE SECURIT\u00c9<\/em><\/h4>\n<p>[\/vc_column_text][\/vc_column_inner][\/vc_row_inner][\/vc_column][vc_column width=\u00a0\u00bb1\/2&Prime;][vc_row_inner row_type=\u00a0\u00bbrow\u00a0\u00bb type=\u00a0\u00bbfull_width\u00a0\u00bb text_align=\u00a0\u00bbleft\u00a0\u00bb css_animation=\u00a0\u00bb\u00a0\u00bb el_class=\u00a0\u00bbocultar\u00a0\u00bb][vc_column_inner][vc_single_image image=\u00a0\u00bb15871&Prime; img_size=\u00a0\u00bbfull\u00a0\u00bb qode_css_animation=\u00a0\u00bb\u00a0\u00bb][\/vc_column_inner][\/vc_row_inner][\/vc_column][\/vc_row][vc_row css_animation=\u00a0\u00bb\u00a0\u00bb row_type=\u00a0\u00bbrow\u00a0\u00bb use_row_as_full_screen_section=\u00a0\u00bbno\u00a0\u00bb type=\u00a0\u00bbgrid\u00a0\u00bb angled_section=\u00a0\u00bbno\u00a0\u00bb text_align=\u00a0\u00bbleft\u00a0\u00bb background_image_as_pattern=\u00a0\u00bbwithout_pattern\u00a0\u00bb css=\u00a0\u00bb.vc_custom_1497366092818{margin-bottom: 20px !important;}\u00a0\u00bb el_class=\u00a0\u00bbmargenizquierdo\u00a0\u00bb][vc_column][vc_empty_space height=\u00a0\u00bb60px\u00a0\u00bb][vc_column_text]<\/p>\n<h2><span style=\"color: #e50752;\"><em>TRANSPORTEURS<\/em><\/span><\/h2>\n<h4><span style=\"color: #1e317d; font-size: 1.6em !important; padding-top: 20px !important; float: left; margin-bottom: 40px; font-weight: lighter;\"><em>ALLIANCES, UNE PHILOSOPHIE DE TRAVAIL<\/em><\/span><\/h4>\n<p>[\/vc_column_text][vc_empty_space][vc_row_inner row_type=\u00a0\u00bbrow\u00a0\u00bb type=\u00a0\u00bbfull_width\u00a0\u00bb text_align=\u00a0\u00bbleft\u00a0\u00bb css_animation=\u00a0\u00bb\u00a0\u00bb][vc_column_inner width=\u00a0\u00bb1\/2&Prime;][vc_column_text]Nous croyons aux alliances entre soci\u00e9t\u00e9s de transports et travailleus independants, n\u2019importe quelle soit leur taille. Cette union efficace nous permet d\u2019atteindre nos objectifs et donner une r\u00e9ponse rapide et de qualit\u00e9 \u00e0 nos clients.[\/vc_column_text][\/vc_column_inner][vc_column_inner width=\u00a0\u00bb1\/2&Prime;][vc_column_text]La confian\u00e7e et le respect vers nos collaborateurs est une pi\u00e8ce fondamentale de notre \u00e9quipement, et sont oblig\u00e9es de satisfaire le cadre juridique actuel.[\/vc_column_text][\/vc_column_inner][\/vc_row_inner][vc_empty_space][\/vc_column][\/vc_row][vc_row css_animation=\u00a0\u00bbelement_from_right\u00a0\u00bb row_type=\u00a0\u00bbrow\u00a0\u00bb use_row_as_full_screen_section=\u00a0\u00bbyes\u00a0\u00bb type=\u00a0\u00bbfull_width\u00a0\u00bb angled_section=\u00a0\u00bbno\u00a0\u00bb text_align=\u00a0\u00bbleft\u00a0\u00bb background_image_as_pattern=\u00a0\u00bbwithout_pattern\u00a0\u00bb css=\u00a0\u00bb.vc_custom_1649237275783{background-image: url(https:\/\/molbo.es\/wp-content\/uploads\/2022\/04\/Recurso-13-100.jpg?id=17149) !important;}\u00a0\u00bb z_index=\u00a0\u00bb\u00a0\u00bb][vc_column width=\u00a0\u00bb1\/4&Prime;][\/vc_column][vc_column width=\u00a0\u00bb1\/4&Prime;][\/vc_column][vc_column width=\u00a0\u00bb1\/4&Prime; el_class=\u00a0\u00bbdivblanco_der\u00a0\u00bb][vc_column_text]<\/p>\n<h2><strong><em><span style=\"color: #e50752;\">VOYAGER<\/span><\/em><\/strong><\/h2>\n<h3><em><span style=\"color: #e50752; font-weight: normal;\">AVEC PLEINE<\/span><\/em><br \/>\n<em><span style=\"color: #e50752; font-weight: normal;\">CONSCIENCE<\/span><\/em><\/h3>\n<p>[\/vc_column_text][\/vc_column][vc_column width=\u00a0\u00bb1\/4&Prime;][\/vc_column][\/vc_row][vc_row css_animation=\u00a0\u00bbelement_from_left\u00a0\u00bb row_type=\u00a0\u00bbrow\u00a0\u00bb use_row_as_full_screen_section=\u00a0\u00bbno\u00a0\u00bb type=\u00a0\u00bbfull_width\u00a0\u00bb angled_section=\u00a0\u00bbno\u00a0\u00bb text_align=\u00a0\u00bbleft\u00a0\u00bb background_image_as_pattern=\u00a0\u00bbwithout_pattern\u00a0\u00bb css=\u00a0\u00bb.vc_custom_1649237303400{background-image: url(https:\/\/molbo.es\/wp-content\/uploads\/2022\/04\/Recurso-14-100.jpg?id=17152) !important;}\u00a0\u00bb z_index=\u00a0\u00bb\u00a0\u00bb][vc_column width=\u00a0\u00bb1\/2&Prime;][vc_row_inner row_type=\u00a0\u00bbrow\u00a0\u00bb type=\u00a0\u00bbfull_width\u00a0\u00bb text_align=\u00a0\u00bbleft\u00a0\u00bb css_animation=\u00a0\u00bb\u00a0\u00bb el_class=\u00a0\u00bbdivmoradoazul_izq\u00a0\u00bb][vc_column_inner width=\u00a0\u00bb1\/3&Prime;][\/vc_column_inner][vc_column_inner width=\u00a0\u00bb2\/3&Prime;][vc_column_text]<\/p>\n<h2><em><span style=\"font-size: .9em !important;\">VOULEZ VOUS JOINDRE L\u2019\u00c9QUIPE?<\/span><\/em><\/h2>\n<p>. Paiements ponctuels, en esp\u00e8ces ou confirming<br \/>\n. Ventes couvertes par Assurances<br \/>\n. Travail toute l\u2019ann\u00e9e National\/International<br \/>\n. Frigos en attelage[\/vc_column_text][\/vc_column_inner][\/vc_row_inner][\/vc_column][vc_column width=\u00a0\u00bb1\/2&Prime;][\/vc_column][\/vc_row][vc_row css_animation=\u00a0\u00bb\u00a0\u00bb row_type=\u00a0\u00bbrow\u00a0\u00bb use_row_as_full_screen_section=\u00a0\u00bbno\u00a0\u00bb type=\u00a0\u00bbgrid\u00a0\u00bb angled_section=\u00a0\u00bbno\u00a0\u00bb text_align=\u00a0\u00bbleft\u00a0\u00bb background_image_as_pattern=\u00a0\u00bbwithout_pattern\u00a0\u00bb css=\u00a0\u00bb.vc_custom_1497367565142{margin-bottom: 20px !important;}\u00a0\u00bb el_class=\u00a0\u00bbmargenizquierdo\u00a0\u00bb][vc_column][vc_empty_space][vc_column_text]<\/p>\n<h2><span style=\"color: #e50752;\"><em>POLITIQUE DE QUALIT\u00c9<\/em><\/span><\/h2>\n<p><a href=\"https:\/\/molbo.es\/wp-content\/uploads\/2017\/10\/politica.pdf\" target=\"_blank\" rel=\"noopener noreferrer\"><img loading=\"lazy\" decoding=\"async\" class=\"alignnone size-full wp-image-17545\" src=\"https:\/\/molbo.es\/wp-content\/uploads\/2017\/05\/ISO-9001.jpg\" alt=\"\" width=\"200\" height=\"109\"><\/a>[\/vc_column_text][\/vc_column][\/vc_row]<\/p>\n<\/div>","protected":false},"excerpt":{"rendered":"<p>[vc_row css_animation=\u00a0\u00bb\u00a0\u00bb row_type=\u00a0\u00bbrow\u00a0\u00bb use_row_as_full_screen_section=\u00a0\u00bbno\u00a0\u00bb type=\u00a0\u00bbgrid\u00a0\u00bb angled_section=\u00a0\u00bbno\u00a0\u00bb text_align=\u00a0\u00bbleft\u00a0\u00bb background_image_as_pattern=\u00a0\u00bbwithout_pattern\u00a0\u00bb css=\u00a0\u00bb.vc_custom_1497367565142{margin-bottom: 20px !important;}\u00a0\u00bb el_class=\u00a0\u00bbmargenizquierdo\u00a0\u00bb][vc_column][vc_empty_space][vc_column_text] SUR NOUS VOTRE EQUIPE DE TRANSPORT [\/vc_column_text][\/vc_column][\/vc_row][vc_row css_animation=\u00a0\u00bb\u00a0\u00bb&#8230;<\/p>\n","protected":false},"author":1,"featured_media":0,"parent":0,"menu_order":0,"comment_status":"closed","ping_status":"closed","template":"full_width.php","meta":{"footnotes":""},"class_list":["post-15999","page","type-page","status-publish","hentry"],"_links":{"self":[{"href":"https:\/\/molbo.es\/fr\/wp-json\/wp\/v2\/pages\/15999","targetHints":{"allow":["GET"]}}],"collection":[{"href":"https:\/\/molbo.es\/fr\/wp-json\/wp\/v2\/pages"}],"about":[{"href":"https:\/\/molbo.es\/fr\/wp-json\/wp\/v2\/types\/page"}],"author":[{"embeddable":true,"href":"https:\/\/molbo.es\/fr\/wp-json\/wp\/v2\/users\/1"}],"replies":[{"embeddable":true,"href":"https:\/\/molbo.es\/fr\/wp-json\/wp\/v2\/comments?post=15999"}],"version-history":[{"count":8,"href":"https:\/\/molbo.es\/fr\/wp-json\/wp\/v2\/pages\/15999\/revisions"}],"predecessor-version":[{"id":17830,"href":"https:\/\/molbo.es\/fr\/wp-json\/wp\/v2\/pages\/15999\/revisions\/17830"}],"wp:attachment":[{"href":"https:\/\/molbo.es\/fr\/wp-json\/wp\/v2\/media?parent=15999"}],"curies":[{"name":"wp","href":"https:\/\/api.w.org\/{rel}","templated":true}]}}