{"id":16002,"date":"2014-05-20T07:51:11","date_gmt":"2014-05-20T07:51:11","guid":{"rendered":"http:\/\/molbo.es\/home\/"},"modified":"2022-06-14T13:21:50","modified_gmt":"2022-06-14T11:21:50","slug":"accueil","status":"publish","type":"page","link":"https:\/\/molbo.es\/fr\/","title":{"rendered":"Accueil"},"content":{"rendered":"<div class=\"wpb-content-wrapper\"><p>[vc_row css_animation=\u00a0\u00bb\u00a0\u00bb row_type=\u00a0\u00bbrow\u00a0\u00bb use_row_as_full_screen_section=\u00a0\u00bbno\u00a0\u00bb type=\u00a0\u00bbfull_width\u00a0\u00bb angled_section=\u00a0\u00bbno\u00a0\u00bb text_align=\u00a0\u00bbleft\u00a0\u00bb background_image_as_pattern=\u00a0\u00bbwithout_pattern\u00a0\u00bb css=\u00a0\u00bb.vc_custom_1650539308998{padding-top: 0px !important;background-image: url(https:\/\/molbo.es\/wp-content\/uploads\/2022\/04\/Recurso-2-100.jpg?id=17111) !important;background-position: 0 0 !important;background-repeat: no-repeat !important;}\u00a0\u00bb el_class=\u00a0\u00bbocultar\u00a0\u00bb background_image=\u00a0\u00bb17111&Prime; z_index=\u00a0\u00bb\u00a0\u00bb][vc_column width=\u00a0\u00bb1\/2&Prime; css=\u00a0\u00bb.vc_custom_1650539231784{padding-top: 0px !important;background-position: 0 0 !important;background-repeat: no-repeat !important;}\u00a0\u00bb][vc_row_inner row_type=\u00a0\u00bbrow\u00a0\u00bb type=\u00a0\u00bbfull_width\u00a0\u00bb text_align=\u00a0\u00bbleft\u00a0\u00bb css_animation=\u00a0\u00bb\u00a0\u00bb css=\u00a0\u00bb.vc_custom_1496076284278{padding-top: 0px !important;background-position: center !important;background-repeat: no-repeat !important;background-size: cover !important;}\u00a0\u00bb][vc_column_inner width=\u00a0\u00bb1\/2&Prime;][\/vc_column_inner][vc_column_inner width=\u00a0\u00bb1\/2&Prime;][vc_single_image image=\u00a0\u00bb15847&Prime; img_size=\u00a0\u00bbfull\u00a0\u00bb alignment=\u00a0\u00bbright\u00a0\u00bb qode_css_animation=\u00a0\u00bb\u00a0\u00bb][\/vc_column_inner][\/vc_row_inner][vc_single_image image=\u00a0\u00bb17119&Prime; img_size=\u00a0\u00bbfull\u00a0\u00bb alignment=\u00a0\u00bbright\u00a0\u00bb qode_css_animation=\u00a0\u00bb\u00a0\u00bb el_class=\u00a0\u00bbocultarland\u00a0\u00bb][\/vc_column][vc_column width=\u00a0\u00bb1\/2&Prime;][\/vc_column][\/vc_row][vc_row css_animation=\u00a0\u00bbelement_from_right\u00a0\u00bb row_type=\u00a0\u00bbrow\u00a0\u00bb use_row_as_full_screen_section=\u00a0\u00bbno\u00a0\u00bb type=\u00a0\u00bbgrid\u00a0\u00bb angled_section=\u00a0\u00bbno\u00a0\u00bb text_align=\u00a0\u00bbleft\u00a0\u00bb background_image_as_pattern=\u00a0\u00bbwithout_pattern\u00a0\u00bb row_negative_margin=\u00a0\u00bbdisable_negative_margin\u00a0\u00bb][vc_column width=\u00a0\u00bb1\/2&Prime;][vc_single_image image=\u00a0\u00bb17122&Prime; img_size=\u00a0\u00bbfull\u00a0\u00bb alignment=\u00a0\u00bbright\u00a0\u00bb qode_css_animation=\u00a0\u00bbelement_from_left\u00a0\u00bb transition_delay=\u00a0\u00bb.5&Prime; css=\u00a0\u00bb.vc_custom_1649161210673{margin-right: 0px !important;}\u00a0\u00bb el_class=\u00a0\u00bbocultarland\u00a0\u00bb][\/vc_column][vc_column css_animation=\u00a0\u00bbslideInRight\u00a0\u00bb width=\u00a0\u00bb1\/2&Prime; css=\u00a0\u00bb.vc_custom_1649161139691{margin-left: -16px !important;background-color: #e50751 !important;}\u00a0\u00bb][vc_column_text el_class=\u00a0\u00bbdivverde\u00a0\u00bb]<\/p>\n<h3>JOUISSEZ AVEC NOUS<br \/>\nL\u2019EXPERIENCE MOLBO<\/h3>\n<h4><em>NOUS NOUS EN OCCUPERONS DE VOUS<\/em><\/h4>\n<p><em>Et de vos marchandises jusqu\u2019\u00e0 la fin.<\/em><br \/>\n<em>39 ans d\u2019experience, confian\u00e7e, transparence, agilit\u00e9, fiabilit\u00e9, efficacit\u00e9, securit\u00e9 et communication \u00e0 votre disposition.<\/em><em>Chez Molbo nous savons que la valeure ait n\u00e9e du travail et l\u2019effort des personnes. <strong>Moving Goods<\/strong>, mouvement responsable de marchandises.<\/em>[\/vc_column_text][\/vc_column][\/vc_row][vc_row css_animation=\u00a0\u00bb\u00a0\u00bb row_type=\u00a0\u00bbrow\u00a0\u00bb use_row_as_full_screen_section=\u00a0\u00bbno\u00a0\u00bb type=\u00a0\u00bbgrid\u00a0\u00bb angled_section=\u00a0\u00bbno\u00a0\u00bb text_align=\u00a0\u00bbcenter\u00a0\u00bb background_image_as_pattern=\u00a0\u00bbwithout_pattern\u00a0\u00bb padding_top=\u00a0\u00bb84&Prime; padding_bottom=\u00a0\u00bb30&Prime; el_id=\u00a0\u00bbgranderosa\u00a0\u00bb css=\u00a0\u00bb.vc_custom_1505243016759{margin-right: 25px !important;margin-bottom: 40px !important;margin-left: 25px !important;}\u00a0\u00bb el_class=\u00a0\u00bbmargenizquierdo_triple_columna\u00a0\u00bb][vc_column width=\u00a0\u00bb1\/3&Prime;][vc_row_inner row_type=\u00a0\u00bbrow\u00a0\u00bb type=\u00a0\u00bbfull_width\u00a0\u00bb text_align=\u00a0\u00bbleft\u00a0\u00bb css_animation=\u00a0\u00bb\u00a0\u00bb][vc_column_inner][vc_column_text]<\/p>\n<table border=\"0\" width=\"99%\">\n<tbody>\n<tr>\n<td rowspan=\"2\" valign=\"top\" width=\"10%\"><span class=\"numeros_grandes\">1<\/span><\/td>\n<td align=\"left\" valign=\"top\" width=\"90%\">\n<h3>TRANQUILIT\u00c9<\/h3>\n<\/td>\n<\/tr>\n<tr>\n<td align=\"left\" valign=\"top\">\n<h4>CONFIAN\u00c7E<\/h4>\n<\/td>\n<\/tr>\n<\/tbody>\n<\/table>\n<p>Vos marchandises arriveront confortablement \u00e0 leurs destinations, pouvant controller \u00e0 n\u2019importe quel instant la position du camion, et autres details sur le transport. Satisfaire les delais de livraison pr\u00e9vus est notre principal objectif.[\/vc_column_text][\/vc_column_inner][\/vc_row_inner][\/vc_column][vc_column width=\u00a0\u00bb1\/3&Prime;][vc_row_inner row_type=\u00a0\u00bbrow\u00a0\u00bb type=\u00a0\u00bbfull_width\u00a0\u00bb text_align=\u00a0\u00bbleft\u00a0\u00bb css_animation=\u00a0\u00bb\u00a0\u00bb][vc_column_inner][vc_column_text]<\/p>\n<table border=\"0\" width=\"99%\">\n<tbody>\n<tr>\n<td rowspan=\"2\" valign=\"top\" width=\"10%\"><span class=\"numeros_grandes\">2<\/span><\/td>\n<td align=\"left\" valign=\"top\" width=\"90%\">\n<h3>SECURIT\u00c9<\/h3>\n<\/td>\n<\/tr>\n<tr>\n<td align=\"left\" valign=\"top\">\n<h4>QUALIT\u00c9<\/h4>\n<\/td>\n<\/tr>\n<\/tbody>\n<\/table>\n<p>Nous arrivons toujours \u00e0 l&rsquo;heure convenue.<br \/>\nNous suivons les normes de qualit\u00e9 ISO et les normes europ\u00e9ennes les plus importantes dans le secteur du transport et de la logistique, sans perdre de vue le respect de l&rsquo;environnement et de l&rsquo;environnement de travail\/conditions de travail.[\/vc_column_text][\/vc_column_inner][\/vc_row_inner][\/vc_column][vc_column width=\u00a0\u00bb1\/3&Prime;][vc_row_inner row_type=\u00a0\u00bbrow\u00a0\u00bb type=\u00a0\u00bbfull_width\u00a0\u00bb text_align=\u00a0\u00bbleft\u00a0\u00bb css_animation=\u00a0\u00bb\u00a0\u00bb][vc_column_inner][vc_column_text]<\/p>\n<table border=\"0\" width=\"99%\">\n<tbody>\n<tr>\n<td rowspan=\"2\" valign=\"top\" width=\"10%\"><span class=\"numeros_grandes\">3<\/span><\/td>\n<td align=\"left\" valign=\"top\" width=\"90%\">\n<h3>CAPACIT\u00c9<\/h3>\n<\/td>\n<\/tr>\n<tr>\n<td align=\"left\" valign=\"top\">\n<h4>SERVICE<\/h4>\n<\/td>\n<\/tr>\n<\/tbody>\n<\/table>\n<p>Notre service de transport national et international fonctionne toute l\u2019ann\u00e9e, r\u00e9pondant \u00e0 vos necessit\u00e9s reguli\u00e8rement avec une flote \u00e9tendue, y compris les remorques refriger\u00e9es.[\/vc_column_text][\/vc_column_inner][\/vc_row_inner][\/vc_column][\/vc_row][vc_row css_animation=\u00a0\u00bbelement_from_left\u00a0\u00bb row_type=\u00a0\u00bbrow\u00a0\u00bb use_row_as_full_screen_section=\u00a0\u00bbno\u00a0\u00bb type=\u00a0\u00bbfull_width\u00a0\u00bb angled_section=\u00a0\u00bbno\u00a0\u00bb text_align=\u00a0\u00bbleft\u00a0\u00bb background_image_as_pattern=\u00a0\u00bbwithout_pattern\u00a0\u00bb background_image=\u00a0\u00bb15533&Prime; css=\u00a0\u00bb.vc_custom_1649171056700{background-image: url(https:\/\/molbo.es\/wp-content\/uploads\/2014\/05\/MOLBO_INICIO_IZQ_SLIDE_2.jpg?id=15533) !important;}\u00a0\u00bb z_index=\u00a0\u00bb\u00a0\u00bb][vc_column width=\u00a0\u00bb1\/2&Prime; css=\u00a0\u00bb.vc_custom_1649173644304{padding-right: 0px !important;}\u00a0\u00bb][vc_row_inner row_type=\u00a0\u00bbrow\u00a0\u00bb type=\u00a0\u00bbfull_width\u00a0\u00bb text_align=\u00a0\u00bbleft\u00a0\u00bb css_animation=\u00a0\u00bb\u00a0\u00bb el_class=\u00a0\u00bbaltura440&Prime; css=\u00a0\u00bb.vc_custom_1649173519364{padding-right: 0px !important;}\u00a0\u00bb][vc_column_inner width=\u00a0\u00bb1\/2&Prime;][\/vc_column_inner][vc_column_inner el_class=\u00a0\u00bbdivverdelimon\u00a0\u00bb width=\u00a0\u00bb1\/2&Prime;][vc_column_text]<\/p>\n<h2><em>EXPERTS EN<\/em><\/h2>\n<h4><em>FRUITS ET<\/em><br \/>\n<em>L\u00c9GUMES<\/em><\/h4>\n<p>[\/vc_column_text][\/vc_column_inner][\/vc_row_inner][vc_row_inner row_type=\u00a0\u00bbrow\u00a0\u00bb type=\u00a0\u00bbfull_width\u00a0\u00bb text_align=\u00a0\u00bbleft\u00a0\u00bb css_animation=\u00a0\u00bb\u00a0\u00bb el_class=\u00a0\u00bbaltura440&Prime; css=\u00a0\u00bb.vc_custom_1649172878530{background-image: url(https:\/\/molbo.es\/wp-content\/uploads\/2022\/04\/Recurso-4-100.jpg?id=17123) !important;background-position: center !important;background-repeat: no-repeat !important;background-size: cover !important;}\u00a0\u00bb][vc_column_inner][\/vc_column_inner][\/vc_row_inner][\/vc_column][vc_column width=\u00a0\u00bb1\/2&Prime;][vc_row_inner row_type=\u00a0\u00bbrow\u00a0\u00bb type=\u00a0\u00bbfull_width\u00a0\u00bb text_align=\u00a0\u00bbleft\u00a0\u00bb row_negative_margin=\u00a0\u00bbdisable_negative_margin\u00a0\u00bb css_animation=\u00a0\u00bb\u00a0\u00bb side_padding=\u00a0\u00bb0&Prime; el_class=\u00a0\u00bbaltura440&Prime;][vc_column_inner][\/vc_column_inner][\/vc_row_inner][vc_row_inner row_type=\u00a0\u00bbrow\u00a0\u00bb type=\u00a0\u00bbfull_width\u00a0\u00bb text_align=\u00a0\u00bbleft\u00a0\u00bb row_negative_margin=\u00a0\u00bbdisable_negative_margin\u00a0\u00bb css_animation=\u00a0\u00bb\u00a0\u00bb side_padding=\u00a0\u00bb0&Prime;][vc_column_inner el_class=\u00a0\u00bbdivverdelimon\u00a0\u00bb][vc_column_text]<\/p>\n<h3>SPECIALISTES EN GROUPAGE JOURNALIER<\/h3>\n<h4>AVEC TOUTES LES GARANTIES<\/h4>\n<p>Experts au transport de produits sous temperature dirig\u00e9e et perissables, notre service jounalier assure que vos marchandises arrivent \u00e0 destination en pleine forme et bon \u00e9tat.[\/vc_column_text][\/vc_column_inner][\/vc_row_inner][\/vc_column][\/vc_row][vc_row css_animation=\u00a0\u00bb\u00a0\u00bb row_type=\u00a0\u00bbrow\u00a0\u00bb use_row_as_full_screen_section=\u00a0\u00bbno\u00a0\u00bb type=\u00a0\u00bbfull_width\u00a0\u00bb angled_section=\u00a0\u00bbno\u00a0\u00bb text_align=\u00a0\u00bbleft\u00a0\u00bb background_image_as_pattern=\u00a0\u00bbwithout_pattern\u00a0\u00bb][vc_column width=\u00a0\u00bb1\/2&Prime;][vc_row_inner row_type=\u00a0\u00bbrow\u00a0\u00bb type=\u00a0\u00bbfull_width\u00a0\u00bb text_align=\u00a0\u00bbleft\u00a0\u00bb css_animation=\u00a0\u00bb\u00a0\u00bb][vc_column_inner el_class=\u00a0\u00bbocultar\u00a0\u00bb width=\u00a0\u00bb1\/2&Prime;][vc_single_image image=\u00a0\u00bb17128&Prime; img_size=\u00a0\u00bbfull\u00a0\u00bb qode_css_animation=\u00a0\u00bbelement_from_left\u00a0\u00bb][\/vc_column_inner][vc_column_inner el_class=\u00a0\u00bbdivblanco\u00a0\u00bb width=\u00a0\u00bb1\/2&Prime; css=\u00a0\u00bb.vc_custom_1496055877656{border-bottom-width: 20px !important;padding-top: 20px !important;}\u00a0\u00bb][vc_column_text css=\u00a0\u00bb.vc_custom_1496074969702{padding-top: 40px !important;padding-bottom: 40px !important;}\u00a0\u00bb el_class=\u00a0\u00bbh3_30&Prime;]<\/p>\n<h3><span style=\"color: #99cc00;\"><em>EN<\/em><\/span><br \/>\n<span style=\"color: #99cc00;\"><em>MARCHE VERS<\/em><\/span><br \/>\n<span style=\"color: #99cc00;\"><em>NOUVEAUX MARCH\u00c9S<\/em><\/span><\/h3>\n<p>[\/vc_column_text][\/vc_column_inner][\/vc_row_inner][vc_row_inner row_type=\u00a0\u00bbrow\u00a0\u00bb type=\u00a0\u00bbfull_width\u00a0\u00bb text_align=\u00a0\u00bbleft\u00a0\u00bb css_animation=\u00a0\u00bbelement_from_left\u00a0\u00bb css=\u00a0\u00bb.vc_custom_1650710759613{margin-bottom: 60px !important;}\u00a0\u00bb][vc_column_inner width=\u00a0\u00bb1\/2&Prime;][\/vc_column_inner][vc_column_inner width=\u00a0\u00bb1\/2&Prime;][vc_column_text el_class=\u00a0\u00bbdivblanco\u00a0\u00bb css=\u00a0\u00bb.vc_custom_1498723459407{margin-bottom: 0px !important;padding-top: 0px !important;padding-bottom: 40px !important;}\u00a0\u00bb]<\/p>\n<h3><span style=\"color: #e50752;\"><strong><em>MOVEMENT<\/em><\/strong><\/span><br \/>\n<span style=\"color: #322e54;\"><em>RESPONSIBLE<\/em><\/span><br \/>\n<span style=\"color: #322e54;\"><em>DE MARCHANDISES<\/em><\/span><\/h3>\n<p>[\/vc_column_text][vc_column_text el_class=\u00a0\u00bbdivblanco\u00a0\u00bb]<\/p>\n<p style=\"font-size: 1em;\"><span style=\"color: #e50752;\"><em>Groupage journalier.<\/em><\/span><br \/>\n<span style=\"color: #e50752;\"><em>Transport National.<\/em><\/span><br \/>\n<span style=\"color: #e50752;\"><em>Transport International: France, Angleterre, Scandinavie,<\/em><\/span><br \/>\n<span style=\"color: #e50752;\"><em>Belgique, Hollande, Allemagne, Italy\u2026<\/em><\/span><br \/>\n<span style=\"color: #e50752;\"><em>Complets<\/em><\/span><br \/>\n<span style=\"color: #e50752;\"><em>Perissables et  <\/em><\/span><span style=\"color: #e50752;\"><em>\u00e0 temperature dirig\u00e9e.<\/em><\/span><br \/>\n<span style=\"color: #e50752;\"><em>Industriels. Semi-remorque frigorifique ou b\u00e2ch\u00e9e.<\/em><\/span><br \/>\n<span style=\"color: #e50752;\"><em>Importations<\/em><\/span><br \/>\n<span style=\"color: #e50752;\"><em>Retours\/Refus.<\/em><\/span><br \/>\n<span style=\"color: #e50752;\"><em>Stockage<\/em><\/span><br \/>\n<span style=\"color: #e50752;\"><em>Chargement \/ D\u00e9chargement.<\/em><\/span><br \/>\n<span style=\"color: #e50752;\"><em>Transbordements \/ Transferts \/ Passage a quai.<\/em><\/span><\/p>\n<p>[\/vc_column_text][\/vc_column_inner][\/vc_row_inner][\/vc_column][vc_column width=\u00a0\u00bb1\/2&Prime;][vc_row_inner row_type=\u00a0\u00bbrow\u00a0\u00bb type=\u00a0\u00bbfull_width\u00a0\u00bb text_align=\u00a0\u00bbleft\u00a0\u00bb css_animation=\u00a0\u00bb\u00a0\u00bb css=\u00a0\u00bb.vc_custom_1496165918526{padding-left: 0px !important;}\u00a0\u00bb][vc_column_inner el_class=\u00a0\u00bb250altura\u00a0\u00bb][vc_single_image image=\u00a0\u00bb17873&Prime; img_size=\u00a0\u00bb1069&#215;250&Prime; qode_css_animation=\u00a0\u00bbelement_from_right\u00a0\u00bb][\/vc_column_inner][\/vc_row_inner][vc_row_inner row_type=\u00a0\u00bbrow\u00a0\u00bb type=\u00a0\u00bbfull_width\u00a0\u00bb text_align=\u00a0\u00bbleft\u00a0\u00bb css_animation=\u00a0\u00bbelement_from_right\u00a0\u00bb css=\u00a0\u00bb.vc_custom_1649174071211{margin-bottom: 0px !important;}\u00a0\u00bb][vc_column_inner el_class=\u00a0\u00bbocultar\u00a0\u00bb width=\u00a0\u00bb1\/4&Prime;][vc_single_image image=\u00a0\u00bb17134&Prime; img_size=\u00a0\u00bbfull\u00a0\u00bb qode_css_animation=\u00a0\u00bb\u00a0\u00bb][\/vc_column_inner][vc_column_inner el_class=\u00a0\u00bbdivblanco\u00a0\u00bb width=\u00a0\u00bb3\/4&Prime;][vc_column_text css=\u00a0\u00bb.vc_custom_1496056127269{padding-top: 40px !important;}\u00a0\u00bb]<\/p>\n<h3><strong><em><span style=\"color: #e50752;\">APP<\/span><\/em><\/strong><span style=\"color: #000000;\"><em>CMR<\/em><\/span><\/h3>\n<p>[\/vc_column_text]<a  itemprop=\"url\" href=\"http:\/\/www.molbo.es\/pdf\/CMR-F00.pdf\" target=\"_self\"  class=\"qbutton  default\" style=\"\">Aller<\/a>[\/vc_column_inner][\/vc_row_inner][vc_row_inner row_type=\u00a0\u00bbrow\u00a0\u00bb type=\u00a0\u00bbfull_width\u00a0\u00bb text_align=\u00a0\u00bbleft\u00a0\u00bb css_animation=\u00a0\u00bbelement_from_right\u00a0\u00bb][vc_column_inner el_class=\u00a0\u00bbocultar\u00a0\u00bb width=\u00a0\u00bb1\/4&Prime; css=\u00a0\u00bb.vc_custom_1649174123751{padding-bottom: 0px !important;}\u00a0\u00bb][vc_single_image image=\u00a0\u00bb17137&Prime; img_size=\u00a0\u00bbfull\u00a0\u00bb qode_css_animation=\u00a0\u00bb\u00a0\u00bb][\/vc_column_inner][vc_column_inner width=\u00a0\u00bb3\/4&Prime;][vc_column_text el_class=\u00a0\u00bbdivblanco\u00a0\u00bb css=\u00a0\u00bb.vc_custom_1496056138204{padding-top: 40px !important;}\u00a0\u00bb]<\/p>\n<h3><span style=\"color: #e50752;\"><strong><em>CONTACT<\/em><\/strong><\/span><\/h3>\n<p>[\/vc_column_text]<a  itemprop=\"url\" href=\"https:\/\/molbo.es\/contacto\/\" target=\"_self\"  class=\"qbutton  default\" style=\"\">Aller<\/a>[\/vc_column_inner][\/vc_row_inner][\/vc_column][\/vc_row][vc_row css_animation=\u00a0\u00bb\u00a0\u00bb row_type=\u00a0\u00bbrow\u00a0\u00bb use_row_as_full_screen_section=\u00a0\u00bbno\u00a0\u00bb type=\u00a0\u00bbgrid\u00a0\u00bb angled_section=\u00a0\u00bbno\u00a0\u00bb text_align=\u00a0\u00bbleft\u00a0\u00bb background_image_as_pattern=\u00a0\u00bbwithout_pattern\u00a0\u00bb css=\u00a0\u00bb.vc_custom_1498725042051{margin-top: 40px !important;background-color: #e50752 !important;}\u00a0\u00bb el_class=\u00a0\u00bbmargenizquierdo\u00a0\u00bb][vc_column width=\u00a0\u00bb1\/2&Prime;][vc_row_inner row_type=\u00a0\u00bbrow\u00a0\u00bb type=\u00a0\u00bbfull_width\u00a0\u00bb text_align=\u00a0\u00bbleft\u00a0\u00bb row_negative_margin=\u00a0\u00bbdisable_negative_margin\u00a0\u00bb css_animation=\u00a0\u00bb\u00a0\u00bb el_class=\u00a0\u00bbdivrojo\u00a0\u00bb][vc_column_inner][vc_column_text css=\u00a0\u00bb.vc_custom_1649173931685{margin-top: 40px !important;}\u00a0\u00bb]<\/p>\n<h4><strong>+34 961 64 31 40<\/strong><\/h4>\n<p><em>Pol. Ind. El Oliveral, calle K, parcela 5  <\/em><br \/>\n<em>46190 RIBARROJA DEL T\u00daRIA, Valencia, Spain.<br \/>\n<\/em><em><a href=\"mailto:molbo@transmolbo.com\">molbo@transmolbo.com<\/a><\/em>[\/vc_column_text][\/vc_column_inner][\/vc_row_inner][\/vc_column][vc_column width=\u00a0\u00bb1\/2&Prime;][\/vc_column][\/vc_row]<\/p>\n<\/div>","protected":false},"excerpt":{"rendered":"<p>[vc_row css_animation=\u00a0\u00bb\u00a0\u00bb row_type=\u00a0\u00bbrow\u00a0\u00bb use_row_as_full_screen_section=\u00a0\u00bbno\u00a0\u00bb type=\u00a0\u00bbfull_width\u00a0\u00bb angled_section=\u00a0\u00bbno\u00a0\u00bb text_align=\u00a0\u00bbleft\u00a0\u00bb background_image_as_pattern=\u00a0\u00bbwithout_pattern\u00a0\u00bb css=\u00a0\u00bb.vc_custom_1650539308998{padding-top: 0px !important;background-image: url(https:\/\/molbo.es\/wp-content\/uploads\/2022\/04\/Recurso-2-100.jpg?id=17111) !important;background-position: 0 0 !important;background-repeat: no-repeat !important;}\u00a0\u00bb el_class=\u00a0\u00bbocultar\u00a0\u00bb background_image=\u00a0\u00bb17111&Prime;&#8230;<\/p>\n","protected":false},"author":1,"featured_media":0,"parent":0,"menu_order":0,"comment_status":"closed","ping_status":"closed","template":"full_width.php","meta":{"footnotes":""},"class_list":["post-16002","page","type-page","status-publish","hentry"],"_links":{"self":[{"href":"https:\/\/molbo.es\/fr\/wp-json\/wp\/v2\/pages\/16002","targetHints":{"allow":["GET"]}}],"collection":[{"href":"https:\/\/molbo.es\/fr\/wp-json\/wp\/v2\/pages"}],"about":[{"href":"https:\/\/molbo.es\/fr\/wp-json\/wp\/v2\/types\/page"}],"author":[{"embeddable":true,"href":"https:\/\/molbo.es\/fr\/wp-json\/wp\/v2\/users\/1"}],"replies":[{"embeddable":true,"href":"https:\/\/molbo.es\/fr\/wp-json\/wp\/v2\/comments?post=16002"}],"version-history":[{"count":15,"href":"https:\/\/molbo.es\/fr\/wp-json\/wp\/v2\/pages\/16002\/revisions"}],"predecessor-version":[{"id":17892,"href":"https:\/\/molbo.es\/fr\/wp-json\/wp\/v2\/pages\/16002\/revisions\/17892"}],"wp:attachment":[{"href":"https:\/\/molbo.es\/fr\/wp-json\/wp\/v2\/media?parent=16002"}],"curies":[{"name":"wp","href":"https:\/\/api.w.org\/{rel}","templated":true}]}}