{"id":17782,"date":"2022-06-09T07:56:14","date_gmt":"2022-06-09T05:56:14","guid":{"rendered":"https:\/\/molbo.es\/transport-de-produits-perissables\/"},"modified":"2022-06-09T07:56:23","modified_gmt":"2022-06-09T05:56:23","slug":"transport-de-produits-perissables","status":"publish","type":"page","link":"https:\/\/molbo.es\/fr\/transport-de-produits-perissables\/","title":{"rendered":"Transport de produits p\u00e9rissables"},"content":{"rendered":"<div class=\"wpb-content-wrapper\"><p>[vc_row css_animation=\u00a0\u00bb\u00a0\u00bb row_type=\u00a0\u00bbrow\u00a0\u00bb use_row_as_full_screen_section=\u00a0\u00bbno\u00a0\u00bb type=\u00a0\u00bbgrid\u00a0\u00bb angled_section=\u00a0\u00bbno\u00a0\u00bb text_align=\u00a0\u00bbcenter\u00a0\u00bb background_image_as_pattern=\u00a0\u00bbwithout_pattern\u00a0\u00bb el_class=\u00a0\u00bbsubmenu_servicios\u00a0\u00bb z_index=\u00a0\u00bb\u00a0\u00bb css=\u00a0\u00bb.vc_custom_1649246119969{background-color: #322e54 !important;}\u00a0\u00bb][vc_column][vc_column_text]| <a href=\"https:\/\/molbo.es\/grupaje\/\">Groupage<\/a>| <a href=\"https:\/\/molbo.es\/grupaje-internacional\/\">International<\/a> | <a href=\"https:\/\/molbo.es\/carga-descarga\/\">Chargement et d\u00e9chargement |<\/a> <a href=\"https:\/\/molbo.es\/fr\/transport-de-produits-perissables\/\">P\u00e9rissable<\/a> | <a href=\"https:\/\/molbo.es\/fr\/transporter-des-produits-industriels-perissables\/\">Industriels p\u00e9rissable<\/a> | <a href=\"https:\/\/molbo.es\/fr\/centre-de-stockage\/\">Stockage<\/a> | <a href=\"https:\/\/molbo.es\/fr\/transport-de-fruits-et-legumes\/\">Fruits et l\u00e9gumes<\/a> | <a href=\"https:\/\/molbo.es\/fr\/importation-charges-completes\/\">Import<\/a> | <a href=\"https:\/\/molbo.es\/fr\/transport-personalise\/\">Personalis\u00e9<\/a> |[\/vc_column_text][\/vc_column][\/vc_row][vc_row css_animation=\u00a0\u00bb\u00a0\u00bb row_type=\u00a0\u00bbrow\u00a0\u00bb use_row_as_full_screen_section=\u00a0\u00bbyes\u00a0\u00bb type=\u00a0\u00bbgrid\u00a0\u00bb angled_section=\u00a0\u00bbno\u00a0\u00bb text_align=\u00a0\u00bbleft\u00a0\u00bb background_image_as_pattern=\u00a0\u00bbwithout_pattern\u00a0\u00bb z_index=\u00a0\u00bb\u00a0\u00bb css=\u00a0\u00bb.vc_custom_1649258283246{background-image: url(https:\/\/molbo.es\/wp-content\/uploads\/2022\/04\/Recurso-34-80.jpg?id=17292) !important;}\u00a0\u00bb][vc_column css_animation=\u00a0\u00bbtop-to-bottom\u00a0\u00bb width=\u00a0\u00bb1\/3&Prime;][vc_row_inner row_type=\u00a0\u00bbrow\u00a0\u00bb type=\u00a0\u00bbfull_width\u00a0\u00bb text_align=\u00a0\u00bbleft\u00a0\u00bb css_animation=\u00a0\u00bb\u00a0\u00bb css=\u00a0\u00bb.vc_custom_1649244767963{background-color: rgba(229,7,81,0.8) !important;*background-color: rgb(229,7,81) !important;}\u00a0\u00bb el_class=\u00a0\u00bbcuadradocolor\u00a0\u00bb][vc_column_inner][vc_column_text]<\/p>\n<h3>TEMP\u00c9RATURE<\/h3>\n<p>[\/vc_column_text][\/vc_column_inner][\/vc_row_inner][vc_row_inner row_type=\u00a0\u00bbrow\u00a0\u00bb type=\u00a0\u00bbfull_width\u00a0\u00bb text_align=\u00a0\u00bbleft\u00a0\u00bb css_animation=\u00a0\u00bb\u00a0\u00bb el_class=\u00a0\u00bbaltura250&Prime;][vc_column_inner][\/vc_column_inner][\/vc_row_inner][\/vc_column][vc_column css_animation=\u00a0\u00bbbottom-to-top\u00a0\u00bb width=\u00a0\u00bb1\/3&Prime;][vc_row_inner row_type=\u00a0\u00bbrow\u00a0\u00bb type=\u00a0\u00bbfull_width\u00a0\u00bb text_align=\u00a0\u00bbleft\u00a0\u00bb css_animation=\u00a0\u00bb\u00a0\u00bb el_class=\u00a0\u00bbaltura250&Prime;][vc_column_inner][\/vc_column_inner][\/vc_row_inner][vc_row_inner row_type=\u00a0\u00bbrow\u00a0\u00bb type=\u00a0\u00bbfull_width\u00a0\u00bb text_align=\u00a0\u00bbleft\u00a0\u00bb css_animation=\u00a0\u00bbelement_from_bottom\u00a0\u00bb css=\u00a0\u00bb.vc_custom_1649244734361{background-color: rgba(178,20,128,0.8) !important;*background-color: rgb(178,20,128) !important;}\u00a0\u00bb el_class=\u00a0\u00bbcuadradocolor\u00a0\u00bb transition_delay=\u00a0\u00bb10&Prime;][vc_column_inner][vc_column_text]<\/p>\n<h3>ASSURANCE<\/h3>\n<p>[\/vc_column_text][\/vc_column_inner][\/vc_row_inner][\/vc_column][vc_column css_animation=\u00a0\u00bbtop-to-bottom\u00a0\u00bb width=\u00a0\u00bb1\/3&Prime;][vc_row_inner row_type=\u00a0\u00bbrow\u00a0\u00bb type=\u00a0\u00bbfull_width\u00a0\u00bb text_align=\u00a0\u00bbleft\u00a0\u00bb css_animation=\u00a0\u00bbelement_from_top\u00a0\u00bb css=\u00a0\u00bb.vc_custom_1649244725796{background-color: rgba(175,202,23,0.8) !important;*background-color: rgb(175,202,23) !important;}\u00a0\u00bb el_class=\u00a0\u00bbcuadradocolor\u00a0\u00bb transition_delay=\u00a0\u00bb8&Prime;][vc_column_inner][vc_column_text]<\/p>\n<h3>CERTIFICADOS QUALIT\u00c9<br \/>\n<\/h3>\n<p>[\/vc_column_text][\/vc_column_inner][\/vc_row_inner][vc_row_inner row_type=\u00a0\u00bbrow\u00a0\u00bb type=\u00a0\u00bbfull_width\u00a0\u00bb text_align=\u00a0\u00bbleft\u00a0\u00bb css_animation=\u00a0\u00bb\u00a0\u00bb el_class=\u00a0\u00bbaltura250&Prime;][vc_column_inner][\/vc_column_inner][\/vc_row_inner][\/vc_column][\/vc_row][vc_row css_animation=\u00a0\u00bb\u00a0\u00bb row_type=\u00a0\u00bbrow\u00a0\u00bb use_row_as_full_screen_section=\u00a0\u00bbno\u00a0\u00bb type=\u00a0\u00bbgrid\u00a0\u00bb angled_section=\u00a0\u00bbno\u00a0\u00bb text_align=\u00a0\u00bbleft\u00a0\u00bb background_image_as_pattern=\u00a0\u00bbwithout_pattern\u00a0\u00bb css=\u00a0\u00bb.vc_custom_1649244363301{margin-bottom: 20px !important;}\u00a0\u00bb z_index=\u00a0\u00bb\u00a0\u00bb][vc_column width=\u00a0\u00bb2\/3&Prime;][vc_empty_space height=\u00a0\u00bb80px\u00a0\u00bb][vc_column_text]<\/p>\n<h2><span style=\"color: #1e317d;\"><em>PERISSABLES<\/em><\/span><\/h2>\n<h4><span style=\"color: #e50752; float: left; font-size: 1.6em !important; padding-top: 0px !important;\"><i>SOUS TEMP\u00c9RATURE CONTR\u00d4L\u00c9E<br \/>\n<\/i><\/span><\/h4>\n<p>[\/vc_column_text][\/vc_column][vc_column width=\u00a0\u00bb1\/3&Prime;][vc_empty_space height=\u00a0\u00bb80px\u00a0\u00bb]<a  itemprop=\"url\" href=\"https:\/\/molbo.es\/contacto\/\" target=\"_self\"  class=\"qbutton  default\" style=\"\">Voulez-vous en savoir plus?<\/a>[\/vc_column][\/vc_row][vc_row css_animation=\u00a0\u00bb\u00a0\u00bb row_type=\u00a0\u00bbrow\u00a0\u00bb use_row_as_full_screen_section=\u00a0\u00bbno\u00a0\u00bb type=\u00a0\u00bbgrid\u00a0\u00bb angled_section=\u00a0\u00bbno\u00a0\u00bb text_align=\u00a0\u00bbleft\u00a0\u00bb background_image_as_pattern=\u00a0\u00bbwithout_pattern\u00a0\u00bb row_negative_margin=\u00a0\u00bbdisable_negative_margin\u00a0\u00bb css=\u00a0\u00bb.vc_custom_1649244857752{margin-bottom: 80px !important;}\u00a0\u00bb z_index=\u00a0\u00bb\u00a0\u00bb][vc_column width=\u00a0\u00bb1\/2&Prime;][vc_column_text]Nous nous assurons :<\/p>\n<ul>\n<li>Maintenir la r\u00e9frig\u00e9ration et la temp\u00e9rature appropri\u00e9es aux caract\u00e9ristiques id\u00e9ales de chaque produit, de sa collecte au point de livraison.<\/li>\n<li>Assurer un transport s\u00e9curitaire, un volume de chargement ad\u00e9quat et la s\u00e9curit\u00e9 de la marchandise dans la remorque.<\/li>\n<li>Former chacun de nos ouvriers \u00e0 manipuler, chouchouter et transporter le produit.<\/li>\n<li>Nous respectons les certificats de qualit\u00e9 et les normes appropri\u00e9es pour le transport de produits p\u00e9rissables.<\/li>\n<\/ul>\n<p>[\/vc_column_text][\/vc_column][vc_column width=\u00a0\u00bb1\/2&Prime;][\/vc_column][\/vc_row][vc_row css_animation=\u00a0\u00bb\u00a0\u00bb row_type=\u00a0\u00bbrow\u00a0\u00bb use_row_as_full_screen_section=\u00a0\u00bbno\u00a0\u00bb type=\u00a0\u00bbfull_width\u00a0\u00bb angled_section=\u00a0\u00bbno\u00a0\u00bb text_align=\u00a0\u00bbleft\u00a0\u00bb background_image_as_pattern=\u00a0\u00bbwithout_pattern\u00a0\u00bb css=\u00a0\u00bb.vc_custom_1649245087410{margin-top: 60px !important;margin-bottom: 60px !important;}\u00a0\u00bb z_index=\u00a0\u00bb\u00a0\u00bb][vc_column][vc_single_image image=\u00a0\u00bb17315&Prime; img_size=\u00a0\u00bbfull\u00a0\u00bb alignment=\u00a0\u00bbcenter\u00a0\u00bb qode_css_animation=\u00a0\u00bbelement_from_left\u00a0\u00bb transition_delay=\u00a0\u00bb.5&Prime;][\/vc_column][\/vc_row][vc_row css_animation=\u00a0\u00bb\u00a0\u00bb row_type=\u00a0\u00bbrow\u00a0\u00bb use_row_as_full_screen_section=\u00a0\u00bbno\u00a0\u00bb type=\u00a0\u00bbfull_width\u00a0\u00bb angled_section=\u00a0\u00bbno\u00a0\u00bb text_align=\u00a0\u00bbleft\u00a0\u00bb background_image_as_pattern=\u00a0\u00bbwithout_pattern\u00a0\u00bb css=\u00a0\u00bb.vc_custom_1649245247093{margin-top: 60px !important;}\u00a0\u00bb z_index=\u00a0\u00bb\u00a0\u00bb][vc_column][vc_single_image image=\u00a0\u00bb17330&Prime; img_size=\u00a0\u00bbfull\u00a0\u00bb alignment=\u00a0\u00bbcenter\u00a0\u00bb qode_css_animation=\u00a0\u00bb\u00a0\u00bb transition_delay=\u00a0\u00bb1&Prime;][\/vc_column][\/vc_row]<\/p>\n<\/div>","protected":false},"excerpt":{"rendered":"<p>[vc_row css_animation=\u00a0\u00bb\u00a0\u00bb row_type=\u00a0\u00bbrow\u00a0\u00bb use_row_as_full_screen_section=\u00a0\u00bbno\u00a0\u00bb type=\u00a0\u00bbgrid\u00a0\u00bb angled_section=\u00a0\u00bbno\u00a0\u00bb text_align=\u00a0\u00bbcenter\u00a0\u00bb background_image_as_pattern=\u00a0\u00bbwithout_pattern\u00a0\u00bb el_class=\u00a0\u00bbsubmenu_servicios\u00a0\u00bb z_index=\u00a0\u00bb\u00a0\u00bb css=\u00a0\u00bb.vc_custom_1649246119969{background-color: #322e54 !important;}\u00a0\u00bb][vc_column][vc_column_text]| Groupage| International | Chargement et d\u00e9chargement |&#8230;<\/p>\n","protected":false},"author":1,"featured_media":0,"parent":0,"menu_order":0,"comment_status":"closed","ping_status":"closed","template":"full_width.php","meta":{"footnotes":""},"class_list":["post-17782","page","type-page","status-publish","hentry"],"_links":{"self":[{"href":"https:\/\/molbo.es\/fr\/wp-json\/wp\/v2\/pages\/17782","targetHints":{"allow":["GET"]}}],"collection":[{"href":"https:\/\/molbo.es\/fr\/wp-json\/wp\/v2\/pages"}],"about":[{"href":"https:\/\/molbo.es\/fr\/wp-json\/wp\/v2\/types\/page"}],"author":[{"embeddable":true,"href":"https:\/\/molbo.es\/fr\/wp-json\/wp\/v2\/users\/1"}],"replies":[{"embeddable":true,"href":"https:\/\/molbo.es\/fr\/wp-json\/wp\/v2\/comments?post=17782"}],"version-history":[{"count":7,"href":"https:\/\/molbo.es\/fr\/wp-json\/wp\/v2\/pages\/17782\/revisions"}],"predecessor-version":[{"id":17789,"href":"https:\/\/molbo.es\/fr\/wp-json\/wp\/v2\/pages\/17782\/revisions\/17789"}],"wp:attachment":[{"href":"https:\/\/molbo.es\/fr\/wp-json\/wp\/v2\/media?parent=17782"}],"curies":[{"name":"wp","href":"https:\/\/api.w.org\/{rel}","templated":true}]}}