{"id":17790,"date":"2022-06-09T07:58:01","date_gmt":"2022-06-09T05:58:01","guid":{"rendered":"https:\/\/molbo.es\/chargement-dechargement-et-transbordement\/"},"modified":"2022-06-09T07:58:02","modified_gmt":"2022-06-09T05:58:02","slug":"chargement-dechargement-et-transbordement","status":"publish","type":"page","link":"https:\/\/molbo.es\/fr\/chargement-dechargement-et-transbordement\/","title":{"rendered":"Chargement, D\u00e9chargement et Transbordement"},"content":{"rendered":"<div class=\"wpb-content-wrapper\"><p>[vc_row css_animation=\u00a0\u00bb\u00a0\u00bb row_type=\u00a0\u00bbrow\u00a0\u00bb use_row_as_full_screen_section=\u00a0\u00bbno\u00a0\u00bb type=\u00a0\u00bbgrid\u00a0\u00bb angled_section=\u00a0\u00bbno\u00a0\u00bb text_align=\u00a0\u00bbcenter\u00a0\u00bb background_image_as_pattern=\u00a0\u00bbwithout_pattern\u00a0\u00bb el_class=\u00a0\u00bbsubmenu_servicios\u00a0\u00bb z_index=\u00a0\u00bb\u00a0\u00bb css=\u00a0\u00bb.vc_custom_1649246119969{background-color: #322e54 !important;}\u00a0\u00bb][vc_column][vc_column_text]| <a href=\"https:\/\/molbo.es\/grupaje\/\">Groupage<\/a>| <a href=\"https:\/\/molbo.es\/grupaje-internacional\/\">International<\/a> | <a href=\"https:\/\/molbo.es\/fr\/chargement-dechargement-et-transbordement\/\">Chargement et d\u00e9chargement |<\/a> <a href=\"https:\/\/molbo.es\/fr\/transport-de-produits-perissables\/\">P\u00e9rissable<\/a> | <a href=\"https:\/\/molbo.es\/fr\/transporter-des-produits-industriels-perissables\/\">Industriels p\u00e9rissable<\/a> | <a href=\"https:\/\/molbo.es\/fr\/centre-de-stockage\/\">Stockage<\/a> | <a href=\"https:\/\/molbo.es\/fr\/transport-de-fruits-et-legumes\/\">Fruits et l\u00e9gumes<\/a> | <a href=\"https:\/\/molbo.es\/fr\/importation-charges-completes\/\">Import<\/a> | <a href=\"https:\/\/molbo.es\/fr\/transport-personalise\/\">Personalis\u00e9<\/a> |[\/vc_column_text][\/vc_column][\/vc_row][vc_row css_animation=\u00a0\u00bb\u00a0\u00bb row_type=\u00a0\u00bbrow\u00a0\u00bb use_row_as_full_screen_section=\u00a0\u00bbyes\u00a0\u00bb type=\u00a0\u00bbgrid\u00a0\u00bb angled_section=\u00a0\u00bbno\u00a0\u00bb text_align=\u00a0\u00bbleft\u00a0\u00bb background_image_as_pattern=\u00a0\u00bbwithout_pattern\u00a0\u00bb z_index=\u00a0\u00bb\u00a0\u00bb css=\u00a0\u00bb.vc_custom_1649257245392{background-image: url(https:\/\/molbo.es\/wp-content\/uploads\/2022\/04\/Recurso-32-80.jpg?id=17257) !important;}\u00a0\u00bb][vc_column css_animation=\u00a0\u00bbtop-to-bottom\u00a0\u00bb width=\u00a0\u00bb1\/3&Prime;][vc_row_inner row_type=\u00a0\u00bbrow\u00a0\u00bb type=\u00a0\u00bbfull_width\u00a0\u00bb text_align=\u00a0\u00bbleft\u00a0\u00bb css_animation=\u00a0\u00bb\u00a0\u00bb css=\u00a0\u00bb.vc_custom_1649244767963{background-color: rgba(229,7,81,0.8) !important;*background-color: rgb(229,7,81) !important;}\u00a0\u00bb el_class=\u00a0\u00bbcuadradocolor\u00a0\u00bb][vc_column_inner][vc_column_text]<\/p>\n<h3>MERCHANDISE<\/h3>\n<p>[\/vc_column_text][\/vc_column_inner][\/vc_row_inner][vc_row_inner row_type=\u00a0\u00bbrow\u00a0\u00bb type=\u00a0\u00bbfull_width\u00a0\u00bb text_align=\u00a0\u00bbleft\u00a0\u00bb css_animation=\u00a0\u00bb\u00a0\u00bb el_class=\u00a0\u00bbaltura250&Prime;][vc_column_inner][\/vc_column_inner][\/vc_row_inner][\/vc_column][vc_column css_animation=\u00a0\u00bbbottom-to-top\u00a0\u00bb width=\u00a0\u00bb1\/3&Prime;][vc_row_inner row_type=\u00a0\u00bbrow\u00a0\u00bb type=\u00a0\u00bbfull_width\u00a0\u00bb text_align=\u00a0\u00bbleft\u00a0\u00bb css_animation=\u00a0\u00bb\u00a0\u00bb el_class=\u00a0\u00bbaltura250&Prime;][vc_column_inner][\/vc_column_inner][\/vc_row_inner][vc_row_inner row_type=\u00a0\u00bbrow\u00a0\u00bb type=\u00a0\u00bbfull_width\u00a0\u00bb text_align=\u00a0\u00bbleft\u00a0\u00bb css_animation=\u00a0\u00bbelement_from_bottom\u00a0\u00bb css=\u00a0\u00bb.vc_custom_1649244734361{background-color: rgba(178,20,128,0.8) !important;*background-color: rgb(178,20,128) !important;}\u00a0\u00bb el_class=\u00a0\u00bbcuadradocolor\u00a0\u00bb transition_delay=\u00a0\u00bb10&Prime;][vc_column_inner][vc_column_text]<\/p>\n<h3>EFFICACIT\u00c9<\/h3>\n<p>[\/vc_column_text][\/vc_column_inner][\/vc_row_inner][\/vc_column][vc_column css_animation=\u00a0\u00bbtop-to-bottom\u00a0\u00bb width=\u00a0\u00bb1\/3&Prime;][vc_row_inner row_type=\u00a0\u00bbrow\u00a0\u00bb type=\u00a0\u00bbfull_width\u00a0\u00bb text_align=\u00a0\u00bbleft\u00a0\u00bb css_animation=\u00a0\u00bbelement_from_top\u00a0\u00bb css=\u00a0\u00bb.vc_custom_1649244725796{background-color: rgba(175,202,23,0.8) !important;*background-color: rgb(175,202,23) !important;}\u00a0\u00bb el_class=\u00a0\u00bbcuadradocolor\u00a0\u00bb transition_delay=\u00a0\u00bb8&Prime;][vc_column_inner][vc_column_text]<\/p>\n<h3>QUALIT\u00c9<\/h3>\n<p>[\/vc_column_text][\/vc_column_inner][\/vc_row_inner][vc_row_inner row_type=\u00a0\u00bbrow\u00a0\u00bb type=\u00a0\u00bbfull_width\u00a0\u00bb text_align=\u00a0\u00bbleft\u00a0\u00bb css_animation=\u00a0\u00bb\u00a0\u00bb el_class=\u00a0\u00bbaltura250&Prime;][vc_column_inner][\/vc_column_inner][\/vc_row_inner][\/vc_column][\/vc_row][vc_row css_animation=\u00a0\u00bb\u00a0\u00bb row_type=\u00a0\u00bbrow\u00a0\u00bb use_row_as_full_screen_section=\u00a0\u00bbno\u00a0\u00bb type=\u00a0\u00bbgrid\u00a0\u00bb angled_section=\u00a0\u00bbno\u00a0\u00bb text_align=\u00a0\u00bbleft\u00a0\u00bb background_image_as_pattern=\u00a0\u00bbwithout_pattern\u00a0\u00bb css=\u00a0\u00bb.vc_custom_1649244363301{margin-bottom: 20px !important;}\u00a0\u00bb z_index=\u00a0\u00bb\u00a0\u00bb][vc_column width=\u00a0\u00bb2\/3&Prime;][vc_empty_space height=\u00a0\u00bb80px\u00a0\u00bb][vc_column_text]<\/p>\n<h2><span style=\"color: #1e317d;\"><em>CHARGEMENT, D\u00c9CHARGEMENT ET TRANSBORDEMENT<\/em><\/span><\/h2>\n<h4><span style=\"color: #e50752; float: left; font-size: 1.6em !important; padding-top: 0px !important;\"><em>MOVING GOODS, MOUVEMENT RESPONSABLE DES MARCHANDISES<br \/>\n<\/em><\/span><\/h4>\n<p>[\/vc_column_text][\/vc_column][vc_column width=\u00a0\u00bb1\/3&Prime;][vc_empty_space height=\u00a0\u00bb80px\u00a0\u00bb]<a  itemprop=\"url\" href=\"https:\/\/molbo.es\/contacto\/\" target=\"_self\"  class=\"qbutton  default\" style=\"\">Voulez-vous en savoir plus?<\/a>[\/vc_column][\/vc_row][vc_row css_animation=\u00a0\u00bb\u00a0\u00bb row_type=\u00a0\u00bbrow\u00a0\u00bb use_row_as_full_screen_section=\u00a0\u00bbno\u00a0\u00bb type=\u00a0\u00bbgrid\u00a0\u00bb angled_section=\u00a0\u00bbno\u00a0\u00bb text_align=\u00a0\u00bbleft\u00a0\u00bb background_image_as_pattern=\u00a0\u00bbwithout_pattern\u00a0\u00bb row_negative_margin=\u00a0\u00bbdisable_negative_margin\u00a0\u00bb css=\u00a0\u00bb.vc_custom_1649244857752{margin-bottom: 80px !important;}\u00a0\u00bb z_index=\u00a0\u00bb\u00a0\u00bb][vc_column width=\u00a0\u00bb1\/2&Prime;][vc_column_text]Nous respectons votre marchandise et la manipulon avec soins pour assurer son int\u00e9grit\u00e9 et sa qualit\u00e9. Nous sommes eficaes[\/vc_column_text][\/vc_column][vc_column width=\u00a0\u00bb1\/2&Prime;][\/vc_column][\/vc_row][vc_row css_animation=\u00a0\u00bb\u00a0\u00bb row_type=\u00a0\u00bbrow\u00a0\u00bb use_row_as_full_screen_section=\u00a0\u00bbno\u00a0\u00bb type=\u00a0\u00bbfull_width\u00a0\u00bb angled_section=\u00a0\u00bbno\u00a0\u00bb text_align=\u00a0\u00bbleft\u00a0\u00bb background_image_as_pattern=\u00a0\u00bbwithout_pattern\u00a0\u00bb css=\u00a0\u00bb.vc_custom_1649245087410{margin-top: 60px !important;margin-bottom: 60px !important;}\u00a0\u00bb z_index=\u00a0\u00bb\u00a0\u00bb][vc_column][vc_single_image image=\u00a0\u00bb17262&Prime; img_size=\u00a0\u00bbfull\u00a0\u00bb alignment=\u00a0\u00bbcenter\u00a0\u00bb qode_css_animation=\u00a0\u00bbelement_from_left\u00a0\u00bb transition_delay=\u00a0\u00bb.5&Prime;][\/vc_column][\/vc_row][vc_row css_animation=\u00a0\u00bb\u00a0\u00bb row_type=\u00a0\u00bbrow\u00a0\u00bb use_row_as_full_screen_section=\u00a0\u00bbno\u00a0\u00bb type=\u00a0\u00bbfull_width\u00a0\u00bb angled_section=\u00a0\u00bbno\u00a0\u00bb text_align=\u00a0\u00bbleft\u00a0\u00bb background_image_as_pattern=\u00a0\u00bbwithout_pattern\u00a0\u00bb css=\u00a0\u00bb.vc_custom_1649245247093{margin-top: 60px !important;}\u00a0\u00bb z_index=\u00a0\u00bb\u00a0\u00bb][vc_column][vc_single_image image=\u00a0\u00bb17241&Prime; img_size=\u00a0\u00bbfull\u00a0\u00bb alignment=\u00a0\u00bbcenter\u00a0\u00bb qode_css_animation=\u00a0\u00bb\u00a0\u00bb transition_delay=\u00a0\u00bb1&Prime;][\/vc_column][\/vc_row]<\/p>\n<\/div>","protected":false},"excerpt":{"rendered":"<p>[vc_row css_animation=\u00a0\u00bb\u00a0\u00bb row_type=\u00a0\u00bbrow\u00a0\u00bb use_row_as_full_screen_section=\u00a0\u00bbno\u00a0\u00bb type=\u00a0\u00bbgrid\u00a0\u00bb angled_section=\u00a0\u00bbno\u00a0\u00bb text_align=\u00a0\u00bbcenter\u00a0\u00bb background_image_as_pattern=\u00a0\u00bbwithout_pattern\u00a0\u00bb el_class=\u00a0\u00bbsubmenu_servicios\u00a0\u00bb z_index=\u00a0\u00bb\u00a0\u00bb css=\u00a0\u00bb.vc_custom_1649246119969{background-color: #322e54 !important;}\u00a0\u00bb][vc_column][vc_column_text]| Groupage| International | Chargement et d\u00e9chargement |&#8230;<\/p>\n","protected":false},"author":1,"featured_media":0,"parent":0,"menu_order":0,"comment_status":"closed","ping_status":"closed","template":"full_width.php","meta":{"footnotes":""},"class_list":["post-17790","page","type-page","status-publish","hentry"],"_links":{"self":[{"href":"https:\/\/molbo.es\/fr\/wp-json\/wp\/v2\/pages\/17790","targetHints":{"allow":["GET"]}}],"collection":[{"href":"https:\/\/molbo.es\/fr\/wp-json\/wp\/v2\/pages"}],"about":[{"href":"https:\/\/molbo.es\/fr\/wp-json\/wp\/v2\/types\/page"}],"author":[{"embeddable":true,"href":"https:\/\/molbo.es\/fr\/wp-json\/wp\/v2\/users\/1"}],"replies":[{"embeddable":true,"href":"https:\/\/molbo.es\/fr\/wp-json\/wp\/v2\/comments?post=17790"}],"version-history":[{"count":3,"href":"https:\/\/molbo.es\/fr\/wp-json\/wp\/v2\/pages\/17790\/revisions"}],"predecessor-version":[{"id":17793,"href":"https:\/\/molbo.es\/fr\/wp-json\/wp\/v2\/pages\/17790\/revisions\/17793"}],"wp:attachment":[{"href":"https:\/\/molbo.es\/fr\/wp-json\/wp\/v2\/media?parent=17790"}],"curies":[{"name":"wp","href":"https:\/\/api.w.org\/{rel}","templated":true}]}}