{"id":17802,"date":"2022-06-09T08:01:46","date_gmt":"2022-06-09T06:01:46","guid":{"rendered":"https:\/\/molbo.es\/groupage\/"},"modified":"2022-06-14T13:24:56","modified_gmt":"2022-06-14T11:24:56","slug":"groupage","status":"publish","type":"page","link":"https:\/\/molbo.es\/fr\/groupage\/","title":{"rendered":"Groupage"},"content":{"rendered":"<div class=\"wpb-content-wrapper\"><p>[vc_row css_animation=\u00a0\u00bb\u00a0\u00bb row_type=\u00a0\u00bbrow\u00a0\u00bb use_row_as_full_screen_section=\u00a0\u00bbno\u00a0\u00bb type=\u00a0\u00bbgrid\u00a0\u00bb angled_section=\u00a0\u00bbno\u00a0\u00bb text_align=\u00a0\u00bbcenter\u00a0\u00bb background_image_as_pattern=\u00a0\u00bbwithout_pattern\u00a0\u00bb el_class=\u00a0\u00bbsubmenu_servicios\u00a0\u00bb z_index=\u00a0\u00bb\u00a0\u00bb css=\u00a0\u00bb.vc_custom_1649246119969{background-color: #322e54 !important;}\u00a0\u00bb][vc_column][vc_column_text]| <a href=\"https:\/\/molbo.es\/fr\/groupage\/\">Groupage<\/a>| <a href=\"https:\/\/molbo.es\/fr\/groupage-international\/\">International<\/a> | <a href=\"https:\/\/molbo.es\/fr\/chargement-dechargement-et-transbordement\/\">Chargement et d\u00e9chargement |<\/a> <a href=\"https:\/\/molbo.es\/fr\/transport-de-produits-perissables\/\">P\u00e9rissable<\/a> | <a href=\"https:\/\/molbo.es\/fr\/transporter-des-produits-industriels-perissables\/\">Industriels p\u00e9rissable<\/a> | <a href=\"https:\/\/molbo.es\/fr\/centre-de-stockage\/\">Stockage<\/a> | <a href=\"https:\/\/molbo.es\/fr\/transport-de-fruits-et-legumes\/\">Fruits et l\u00e9gumes<\/a> | <a href=\"https:\/\/molbo.es\/fr\/importation-charges-completes\/\">Import<\/a> | <a href=\"https:\/\/molbo.es\/fr\/transport-personalise\/\">Personalis\u00e9<\/a> |[\/vc_column_text][\/vc_column][\/vc_row][vc_row css_animation=\u00a0\u00bb\u00a0\u00bb row_type=\u00a0\u00bbrow\u00a0\u00bb use_row_as_full_screen_section=\u00a0\u00bbyes\u00a0\u00bb type=\u00a0\u00bbgrid\u00a0\u00bb angled_section=\u00a0\u00bbno\u00a0\u00bb text_align=\u00a0\u00bbleft\u00a0\u00bb background_image_as_pattern=\u00a0\u00bbwithout_pattern\u00a0\u00bb z_index=\u00a0\u00bb\u00a0\u00bb css=\u00a0\u00bb.vc_custom_1649242142123{background-image: url(https:\/\/molbo.es\/wp-content\/uploads\/2022\/04\/Recurso-23-80.jpg?id=17191) !important;}\u00a0\u00bb][vc_column css_animation=\u00a0\u00bbtop-to-bottom\u00a0\u00bb width=\u00a0\u00bb1\/3&Prime;][vc_row_inner row_type=\u00a0\u00bbrow\u00a0\u00bb type=\u00a0\u00bbfull_width\u00a0\u00bb text_align=\u00a0\u00bbleft\u00a0\u00bb css_animation=\u00a0\u00bb\u00a0\u00bb css=\u00a0\u00bb.vc_custom_1649244767963{background-color: rgba(229,7,81,0.8) !important;*background-color: rgb(229,7,81) !important;}\u00a0\u00bb el_class=\u00a0\u00bbcuadradocolor\u00a0\u00bb][vc_column_inner][vc_column_text]<\/p>\n<h3>GROUPAGE<\/h3>\n<p>[\/vc_column_text][\/vc_column_inner][\/vc_row_inner][vc_row_inner row_type=\u00a0\u00bbrow\u00a0\u00bb type=\u00a0\u00bbfull_width\u00a0\u00bb text_align=\u00a0\u00bbleft\u00a0\u00bb css_animation=\u00a0\u00bb\u00a0\u00bb el_class=\u00a0\u00bbaltura250&Prime;][vc_column_inner][\/vc_column_inner][\/vc_row_inner][\/vc_column][vc_column css_animation=\u00a0\u00bbbottom-to-top\u00a0\u00bb width=\u00a0\u00bb1\/3&Prime;][vc_row_inner row_type=\u00a0\u00bbrow\u00a0\u00bb type=\u00a0\u00bbfull_width\u00a0\u00bb text_align=\u00a0\u00bbleft\u00a0\u00bb css_animation=\u00a0\u00bb\u00a0\u00bb el_class=\u00a0\u00bbaltura250&Prime;][vc_column_inner][\/vc_column_inner][\/vc_row_inner][vc_row_inner row_type=\u00a0\u00bbrow\u00a0\u00bb type=\u00a0\u00bbfull_width\u00a0\u00bb text_align=\u00a0\u00bbleft\u00a0\u00bb css_animation=\u00a0\u00bbelement_from_bottom\u00a0\u00bb css=\u00a0\u00bb.vc_custom_1649244734361{background-color: rgba(178,20,128,0.8) !important;*background-color: rgb(178,20,128) !important;}\u00a0\u00bb el_class=\u00a0\u00bbcuadradocolor\u00a0\u00bb transition_delay=\u00a0\u00bb10&Prime;][vc_column_inner][vc_column_text]<\/p>\n<h3>PRINCIPAUX<br \/>\nMARCH\u00c9S<\/h3>\n<p>[\/vc_column_text][\/vc_column_inner][\/vc_row_inner][\/vc_column][vc_column css_animation=\u00a0\u00bbtop-to-bottom\u00a0\u00bb width=\u00a0\u00bb1\/3&Prime;][vc_row_inner row_type=\u00a0\u00bbrow\u00a0\u00bb type=\u00a0\u00bbfull_width\u00a0\u00bb text_align=\u00a0\u00bbleft\u00a0\u00bb css_animation=\u00a0\u00bbelement_from_top\u00a0\u00bb css=\u00a0\u00bb.vc_custom_1649244725796{background-color: rgba(175,202,23,0.8) !important;*background-color: rgb(175,202,23) !important;}\u00a0\u00bb el_class=\u00a0\u00bbcuadradocolor\u00a0\u00bb transition_delay=\u00a0\u00bb8&Prime;][vc_column_inner][vc_column_text]<\/p>\n<h3>CHARGES<br \/>\nCOMPL\u00c8TES<\/h3>\n<p>[\/vc_column_text][\/vc_column_inner][\/vc_row_inner][vc_row_inner row_type=\u00a0\u00bbrow\u00a0\u00bb type=\u00a0\u00bbfull_width\u00a0\u00bb text_align=\u00a0\u00bbleft\u00a0\u00bb css_animation=\u00a0\u00bb\u00a0\u00bb el_class=\u00a0\u00bbaltura250&Prime;][vc_column_inner][\/vc_column_inner][\/vc_row_inner][\/vc_column][\/vc_row][vc_row css_animation=\u00a0\u00bb\u00a0\u00bb row_type=\u00a0\u00bbrow\u00a0\u00bb use_row_as_full_screen_section=\u00a0\u00bbno\u00a0\u00bb type=\u00a0\u00bbgrid\u00a0\u00bb angled_section=\u00a0\u00bbno\u00a0\u00bb text_align=\u00a0\u00bbleft\u00a0\u00bb background_image_as_pattern=\u00a0\u00bbwithout_pattern\u00a0\u00bb css=\u00a0\u00bb.vc_custom_1649244363301{margin-bottom: 20px !important;}\u00a0\u00bb z_index=\u00a0\u00bb\u00a0\u00bb][vc_column width=\u00a0\u00bb2\/3&Prime;][vc_empty_space height=\u00a0\u00bb80px\u00a0\u00bb][vc_column_text]<\/p>\n<h2><span style=\"color: #1e317d;\"><em>GROUPAGE JOURNALIER INTERNATIONAL<\/em><\/span><\/h2>\n<h4><span style=\"color: #e50752; float: left; font-size: 1.6em !important; padding-top: 0px !important;\"><em>CHARGEMENTS COMPLETS<\/em><\/span><\/h4>\n<p>[\/vc_column_text][\/vc_column][vc_column width=\u00a0\u00bb1\/3&Prime;][vc_empty_space height=\u00a0\u00bb80px\u00a0\u00bb]<a  itemprop=\"url\" href=\"https:\/\/molbo.es\/contacto\/\" target=\"_self\"  class=\"qbutton  default\" style=\"\">Voulez-vous en savoir plus?<\/a>[\/vc_column][\/vc_row][vc_row css_animation=\u00a0\u00bb\u00a0\u00bb row_type=\u00a0\u00bbrow\u00a0\u00bb use_row_as_full_screen_section=\u00a0\u00bbno\u00a0\u00bb type=\u00a0\u00bbgrid\u00a0\u00bb angled_section=\u00a0\u00bbno\u00a0\u00bb text_align=\u00a0\u00bbleft\u00a0\u00bb background_image_as_pattern=\u00a0\u00bbwithout_pattern\u00a0\u00bb row_negative_margin=\u00a0\u00bbdisable_negative_margin\u00a0\u00bb css=\u00a0\u00bb.vc_custom_1649244857752{margin-bottom: 80px !important;}\u00a0\u00bb z_index=\u00a0\u00bb\u00a0\u00bb][vc_column width=\u00a0\u00bb2\/3&Prime;][vc_column_text]Notre \u00e9quipe de Groupage sp\u00e9cialis\u00e9e, nous permet de charger dans les principales zone de production et de les distribuer sur les principaux march\u00e9s europ\u00e9ens, en r\u00e9pondant de mani\u00e8re s\u00fbr efficace et fiable.nous sommes soutenus par plus de 40 ans d\u2019experience.[\/vc_column_text][\/vc_column][vc_column width=\u00a0\u00bb1\/3&Prime;][\/vc_column][\/vc_row][vc_row css_animation=\u00a0\u00bb\u00a0\u00bb row_type=\u00a0\u00bbrow\u00a0\u00bb use_row_as_full_screen_section=\u00a0\u00bbno\u00a0\u00bb type=\u00a0\u00bbfull_width\u00a0\u00bb angled_section=\u00a0\u00bbno\u00a0\u00bb text_align=\u00a0\u00bbleft\u00a0\u00bb background_image_as_pattern=\u00a0\u00bbwithout_pattern\u00a0\u00bb css=\u00a0\u00bb.vc_custom_1649245087410{margin-top: 60px !important;margin-bottom: 60px !important;}\u00a0\u00bb z_index=\u00a0\u00bb\u00a0\u00bb][vc_column][vc_single_image image=\u00a0\u00bb17222&Prime; img_size=\u00a0\u00bbfull\u00a0\u00bb alignment=\u00a0\u00bbcenter\u00a0\u00bb qode_css_animation=\u00a0\u00bbelement_from_left\u00a0\u00bb transition_delay=\u00a0\u00bb.5&Prime;][\/vc_column][\/vc_row][vc_row css_animation=\u00a0\u00bb\u00a0\u00bb row_type=\u00a0\u00bbrow\u00a0\u00bb use_row_as_full_screen_section=\u00a0\u00bbno\u00a0\u00bb type=\u00a0\u00bbfull_width\u00a0\u00bb angled_section=\u00a0\u00bbno\u00a0\u00bb text_align=\u00a0\u00bbleft\u00a0\u00bb background_image_as_pattern=\u00a0\u00bbwithout_pattern\u00a0\u00bb css=\u00a0\u00bb.vc_custom_1649245247093{margin-top: 60px !important;}\u00a0\u00bb z_index=\u00a0\u00bb\u00a0\u00bb][vc_column][vc_single_image image=\u00a0\u00bb17876&Prime; img_size=\u00a0\u00bbfull\u00a0\u00bb alignment=\u00a0\u00bbcenter\u00a0\u00bb qode_css_animation=\u00a0\u00bb\u00a0\u00bb transition_delay=\u00a0\u00bb1&Prime;][\/vc_column][\/vc_row]<\/p>\n<\/div>","protected":false},"excerpt":{"rendered":"<p>[vc_row css_animation=\u00a0\u00bb\u00a0\u00bb row_type=\u00a0\u00bbrow\u00a0\u00bb use_row_as_full_screen_section=\u00a0\u00bbno\u00a0\u00bb type=\u00a0\u00bbgrid\u00a0\u00bb angled_section=\u00a0\u00bbno\u00a0\u00bb text_align=\u00a0\u00bbcenter\u00a0\u00bb background_image_as_pattern=\u00a0\u00bbwithout_pattern\u00a0\u00bb el_class=\u00a0\u00bbsubmenu_servicios\u00a0\u00bb z_index=\u00a0\u00bb\u00a0\u00bb css=\u00a0\u00bb.vc_custom_1649246119969{background-color: #322e54 !important;}\u00a0\u00bb][vc_column][vc_column_text]| Groupage| International | Chargement et d\u00e9chargement |&#8230;<\/p>\n","protected":false},"author":1,"featured_media":0,"parent":0,"menu_order":0,"comment_status":"closed","ping_status":"closed","template":"full_width.php","meta":{"footnotes":""},"class_list":["post-17802","page","type-page","status-publish","hentry"],"_links":{"self":[{"href":"https:\/\/molbo.es\/fr\/wp-json\/wp\/v2\/pages\/17802","targetHints":{"allow":["GET"]}}],"collection":[{"href":"https:\/\/molbo.es\/fr\/wp-json\/wp\/v2\/pages"}],"about":[{"href":"https:\/\/molbo.es\/fr\/wp-json\/wp\/v2\/types\/page"}],"author":[{"embeddable":true,"href":"https:\/\/molbo.es\/fr\/wp-json\/wp\/v2\/users\/1"}],"replies":[{"embeddable":true,"href":"https:\/\/molbo.es\/fr\/wp-json\/wp\/v2\/comments?post=17802"}],"version-history":[{"count":7,"href":"https:\/\/molbo.es\/fr\/wp-json\/wp\/v2\/pages\/17802\/revisions"}],"predecessor-version":[{"id":17916,"href":"https:\/\/molbo.es\/fr\/wp-json\/wp\/v2\/pages\/17802\/revisions\/17916"}],"wp:attachment":[{"href":"https:\/\/molbo.es\/fr\/wp-json\/wp\/v2\/media?parent=17802"}],"curies":[{"name":"wp","href":"https:\/\/api.w.org\/{rel}","templated":true}]}}